{"id":14843,"date":"2020-02-14T08:37:30","date_gmt":"2020-02-14T07:37:30","guid":{"rendered":"https:\/\/soziolinguistika.eus\/quienes-somos\/aliantzak\/"},"modified":"2021-03-30T12:30:52","modified_gmt":"2021-03-30T11:30:52","slug":"cooperacion","status":"publish","type":"page","link":"https:\/\/soziolinguistika.eus\/es\/quienes-somos\/cooperacion\/","title":{"rendered":"Alianzas"},"content":{"rendered":"<section class=\"l-section wpb_row height_medium\"><div class=\"l-section-h i-cf\"><div class=\"g-cols vc_row via_flex valign_top type_default stacking_default\"><div class=\"vc_col-sm-12 wpb_column vc_column_container\"><div class=\"vc_column-inner\"><div class=\"wpb_wrapper\">[vc_custom_heading text=\u00bbNetwork to Promote Linguistic Diversity (NPLD)\u00bb font_container=\u00bbtag:h3|text_align:left\u00bb use_theme_fonts=\u00bbyes\u00bb]<div class=\"w-image align_center\"><a href=\"https:\/\/www.npld.eu\/\" aria-label=\"npld-logo\" class=\"w-image-h\"><img decoding=\"async\" width=\"300\" height=\"168\" src=\"https:\/\/soziolinguistika.eus\/wp-content\/uploads\/2021\/03\/npld-logo-300x168.png\" class=\"attachment-medium size-medium\" alt=\"\" loading=\"lazy\" srcset=\"https:\/\/soziolinguistika.eus\/wp-content\/uploads\/2021\/03\/npld-logo-300x168.png 300w, https:\/\/soziolinguistika.eus\/wp-content\/uploads\/2021\/03\/npld-logo-360x200.png 360w, https:\/\/soziolinguistika.eus\/wp-content\/uploads\/2021\/03\/npld-logo.png 500w\" sizes=\"auto, (max-width: 300px) 100vw, 300px\" \/><\/a><\/div><div class=\"w-separator size_small\"><\/div><div class=\"wpb_text_column\"><div class=\"wpb_wrapper\"><p>La Red para la Promoci\u00f3n de la Diversidad Ling\u00fc\u00edstica (NPLD) es una red europea que trabaja en el \u00e1mbito de la pol\u00edtica ling\u00fc\u00edstica europea y la planificaci\u00f3n de las lenguas minorizadas, regionales y de los peque\u00f1os Estados. La NPLD incluye como socios a gobiernos nacionales, regionales, universidades y asociaciones. El objetivo principal es sensibilizar a nivel europeo sobre la importancia de la diversidad ling\u00fc\u00edstica y facilitar el intercambio de buenas pr\u00e1cticas entre gobiernos, pol\u00edticos, profesionales, investigadores y expertos de toda Europa. Soziolinguistika Klusterra es miembro asociado (<em>associated member<\/em>).<\/p>\n<\/div><\/div><div class=\"w-separator size_medium with_line width_default thick_1 style_solid color_border align_center\"><div class=\"w-separator-h\"><\/div><\/div><\/div><\/div><\/div><\/div><\/div><\/section><section class=\"l-section wpb_row height_medium\"><div class=\"l-section-h i-cf\"><div class=\"g-cols vc_row via_flex valign_top type_default stacking_default\"><div class=\"vc_col-sm-12 wpb_column vc_column_container\"><div class=\"vc_column-inner\"><div class=\"wpb_wrapper\">[vc_custom_heading text=\u00bbRed Vasca de Ciencia, Tecnolog\u00eda e Innovaci\u00f3n\u00bb font_container=\u00bbtag:h3|text_align:left\u00bb use_theme_fonts=\u00bbyes\u00bb]<div class=\"w-image align_center\"><a href=\"https:\/\/www.spri.eus\/euskadinnova\/eu\/berrikuntza-teknologikoa\/zientzia-teknologia-berrikuntzaren-euskal-sarea\/382.aspx\" aria-label=\"zientzia-teknologia-euskal-sarea\" class=\"w-image-h\"><img decoding=\"async\" width=\"300\" height=\"92\" src=\"https:\/\/soziolinguistika.eus\/wp-content\/uploads\/2021\/03\/zientzia-teknologia-euskal-sarea-300x92.png\" class=\"attachment-medium size-medium\" alt=\"\" loading=\"lazy\" srcset=\"https:\/\/soziolinguistika.eus\/wp-content\/uploads\/2021\/03\/zientzia-teknologia-euskal-sarea-300x92.png 300w, https:\/\/soziolinguistika.eus\/wp-content\/uploads\/2021\/03\/zientzia-teknologia-euskal-sarea.png 500w\" sizes=\"auto, (max-width: 300px) 100vw, 300px\" \/><\/a><\/div><div class=\"w-separator size_small\"><\/div><div class=\"wpb_text_column\"><div class=\"wpb_wrapper\"><p>La RVCTI est\u00e1 formada por agentes cient\u00edfico-tecnol\u00f3gicos que trabajan en red, que desarrollan una investigaci\u00f3n especializada, excelente y orientada al mercado, y que contribuyen a generar riqueza y bienestar en Euskadi. El objetivo final es conseguir que los agentes realicen una oferta cient\u00edfico-tecnol\u00f3gica integral para hacer frente a las ineficiencias del mercado y dotar, regular o, al menos en parte, financiar la innovaci\u00f3n desde la administraci\u00f3n. Soziolinguistika Klusterra es miembro de la Red como Agente de Intermediaci\u00f3n Oferta-Demanda.<\/p>\n<\/div><\/div><div class=\"w-separator size_medium with_line width_default thick_1 style_solid color_border align_center\"><div class=\"w-separator-h\"><\/div><\/div><\/div><\/div><\/div><\/div><\/div><\/section><section class=\"l-section wpb_row height_medium\"><div class=\"l-section-h i-cf\"><div class=\"g-cols vc_row via_flex valign_top type_default stacking_default\"><div class=\"vc_col-sm-12 wpb_column vc_column_container\"><div class=\"vc_column-inner\"><div class=\"wpb_wrapper\">[vc_custom_heading text=\u00bbGarabide\u00bb font_container=\u00bbtag:h3|text_align:left\u00bb use_theme_fonts=\u00bbyes\u00bb]<div class=\"w-image align_center\"><a href=\"https:\/\/www.garabide.eus\/\" aria-label=\"garabide\" class=\"w-image-h\"><img decoding=\"async\" width=\"300\" height=\"172\" src=\"https:\/\/soziolinguistika.eus\/wp-content\/uploads\/2021\/03\/garabide-300x172.png\" class=\"attachment-medium size-medium\" alt=\"\" loading=\"lazy\" srcset=\"https:\/\/soziolinguistika.eus\/wp-content\/uploads\/2021\/03\/garabide-300x172.png 300w, https:\/\/soziolinguistika.eus\/wp-content\/uploads\/2021\/03\/garabide.png 512w\" sizes=\"auto, (max-width: 300px) 100vw, 300px\" \/><\/a><\/div><div class=\"w-separator size_small\"><\/div><div class=\"wpb_text_column\"><div class=\"wpb_wrapper\"><p>Garabide Elkartea es la Organizaci\u00f3n No Gubernamental que impulsa los procesos de revitalizaci\u00f3n de las lenguas minorizadas en el mundo a partir de la experiencia del euskera y de la cooperaci\u00f3n., la misi\u00f3n de Garabide es crear la base para a una l\u00ednea de cooperaci\u00f3n que hasta ahora no se ha materializado, \u00a0siendo uno de los ejes potenciales de la cooperaci\u00f3n vasca para el desarrollo. Soziolinguistika Klusterra participa en el Consejo General de Garabide.<\/p>\n<\/div><\/div><div class=\"w-separator size_medium with_line width_default thick_1 style_solid color_border align_center\"><div class=\"w-separator-h\"><\/div><\/div><\/div><\/div><\/div><\/div><\/div><\/section><section class=\"l-section wpb_row height_medium\"><div class=\"l-section-h i-cf\"><div class=\"g-cols vc_row via_flex valign_top type_default stacking_default\"><div class=\"vc_col-sm-12 wpb_column vc_column_container\"><div class=\"vc_column-inner\"><div class=\"wpb_wrapper\"><div class=\"wpb_text_column\"><div class=\"wpb_wrapper\"><p><b>Convenios de colaboraci\u00f3n:<\/b><\/p>\n<ul>\n<li><a href=\"https:\/\/www.ikasbil.eus\/eu\/web\/liburutegia\">Bilblioteca HABE<\/a><\/li>\n<li><a href=\"https:\/\/www.etxepare.eus\/eu\">Instituto Vasco Etxepare<\/a><\/li>\n<li><a href=\"https:\/\/www.euskaltzaindia.eus\/\">Euskaltzaindia<\/a><\/li>\n<li><a href=\"https:\/\/www.ehu.eus\/eu\/\">Universidad del Pa\u00eds Vasco<\/a><\/li>\n<li><a href=\"https:\/\/www.ehu.eus\/eu\/web\/mho-unesco-katedra\">C\u00e1tedra UNESCO del Patrimonio Mundial de las Lenguas<\/a><\/li>\n<li><a href=\"https:\/\/www.ehu.eus\/eu\/web\/multilingualism\/home\">Donostia Research Group on Education and Multilingualism (DREAM)<\/a><\/li>\n<li><a href=\"https:\/\/www.langune.eus\/eu\">Langune<\/a><\/li>\n<li><a href=\"https:\/\/blogs.iec.cat\/cruscat\/\">Xarxa Cruscat<\/a><\/li>\n<li><a href=\"https:\/\/www.mintzola.eus\/eu\">Fundaci\u00f3n Mintzola<\/a><\/li>\n<\/ul>\n<\/div><\/div><\/div><\/div><\/div><\/div><\/div><\/section>\n","protected":false},"excerpt":{"rendered":"[vc_custom_heading text=\"Network to Promote Linguistic Diversity (NPLD)\" font_container=\"tag:h3|text_align:left\" use_theme_fonts=\"yes\"]La Red para la Promoci\u00f3n de la Diversidad Ling\u00fc\u00edstica (NPLD) es una red europea que trabaja en el \u00e1mbito de la pol\u00edtica ling\u00fc\u00edstica europea y la planificaci\u00f3n de las lenguas minorizadas, regionales y de los peque\u00f1os Estados. La NPLD incluye como socios a gobiernos nacionales, regionales, universidades...","protected":false},"author":1,"featured_media":0,"parent":14800,"menu_order":7,"comment_status":"closed","ping_status":"closed","template":"","meta":{"_acf_changed":false,"footnotes":""},"class_list":["post-14843","page","type-page","status-publish","hentry"],"acf":[],"yoast_head":"<!-- This site is optimized with the Yoast SEO plugin v27.3 - https:\/\/yoast.com\/product\/yoast-seo-wordpress\/ -->\n<title>Alianzas - Soziolinguistika Klusterra<\/title>\n<meta name=\"robots\" content=\"index, follow, max-snippet:-1, max-image-preview:large, max-video-preview:-1\" \/>\n<link rel=\"canonical\" href=\"https:\/\/soziolinguistika.eus\/es\/quienes-somos\/cooperacion\/\" \/>\n<meta property=\"og:locale\" content=\"es_ES\" \/>\n<meta property=\"og:type\" content=\"article\" \/>\n<meta property=\"og:title\" content=\"Alianzas - Soziolinguistika Klusterra\" \/>\n<meta property=\"og:url\" content=\"https:\/\/soziolinguistika.eus\/es\/quienes-somos\/cooperacion\/\" \/>\n<meta property=\"og:site_name\" content=\"Soziolinguistika Klusterra\" \/>\n<meta property=\"article:modified_time\" content=\"2021-03-30T11:30:52+00:00\" \/>\n<meta name=\"twitter:card\" content=\"summary_large_image\" \/>\n<meta name=\"twitter:label1\" content=\"Tiempo de lectura\" \/>\n\t<meta name=\"twitter:data1\" content=\"3 minutos\" \/>\n<script type=\"application\/ld+json\" class=\"yoast-schema-graph\">{\"@context\":\"https:\\\/\\\/schema.org\",\"@graph\":[{\"@type\":\"WebPage\",\"@id\":\"https:\\\/\\\/soziolinguistika.eus\\\/es\\\/quienes-somos\\\/cooperacion\\\/\",\"url\":\"https:\\\/\\\/soziolinguistika.eus\\\/es\\\/quienes-somos\\\/cooperacion\\\/\",\"name\":\"Alianzas - Soziolinguistika Klusterra\",\"isPartOf\":{\"@id\":\"https:\\\/\\\/soziolinguistika.eus\\\/es\\\/#website\"},\"datePublished\":\"2020-02-14T07:37:30+00:00\",\"dateModified\":\"2021-03-30T11:30:52+00:00\",\"breadcrumb\":{\"@id\":\"https:\\\/\\\/soziolinguistika.eus\\\/es\\\/quienes-somos\\\/cooperacion\\\/#breadcrumb\"},\"inLanguage\":\"es\",\"potentialAction\":[{\"@type\":\"ReadAction\",\"target\":[\"https:\\\/\\\/soziolinguistika.eus\\\/es\\\/quienes-somos\\\/cooperacion\\\/\"]}]},{\"@type\":\"BreadcrumbList\",\"@id\":\"https:\\\/\\\/soziolinguistika.eus\\\/es\\\/quienes-somos\\\/cooperacion\\\/#breadcrumb\",\"itemListElement\":[{\"@type\":\"ListItem\",\"position\":1,\"name\":\"Soziolinguistika klusterra\",\"item\":\"https:\\\/\\\/soziolinguistika.eus\\\/es\\\/\"},{\"@type\":\"ListItem\",\"position\":2,\"name\":\"Quienes somos\",\"item\":\"https:\\\/\\\/soziolinguistika.eus\\\/es\\\/quienes-somos\\\/\"},{\"@type\":\"ListItem\",\"position\":3,\"name\":\"Alianzas\"}]},{\"@type\":\"WebSite\",\"@id\":\"https:\\\/\\\/soziolinguistika.eus\\\/es\\\/#website\",\"url\":\"https:\\\/\\\/soziolinguistika.eus\\\/es\\\/\",\"name\":\"Soziolinguistika Klusterra\",\"description\":\"Euskara biziberritzeko ikergunea\",\"potentialAction\":[{\"@type\":\"SearchAction\",\"target\":{\"@type\":\"EntryPoint\",\"urlTemplate\":\"https:\\\/\\\/soziolinguistika.eus\\\/es\\\/?s={search_term_string}\"},\"query-input\":{\"@type\":\"PropertyValueSpecification\",\"valueRequired\":true,\"valueName\":\"search_term_string\"}}],\"inLanguage\":\"es\"}]}<\/script>\n<!-- \/ Yoast SEO plugin. -->","yoast_head_json":{"title":"Alianzas - Soziolinguistika Klusterra","robots":{"index":"index","follow":"follow","max-snippet":"max-snippet:-1","max-image-preview":"max-image-preview:large","max-video-preview":"max-video-preview:-1"},"canonical":"https:\/\/soziolinguistika.eus\/es\/quienes-somos\/cooperacion\/","og_locale":"es_ES","og_type":"article","og_title":"Alianzas - Soziolinguistika Klusterra","og_url":"https:\/\/soziolinguistika.eus\/es\/quienes-somos\/cooperacion\/","og_site_name":"Soziolinguistika Klusterra","article_modified_time":"2021-03-30T11:30:52+00:00","twitter_card":"summary_large_image","twitter_misc":{"Tiempo de lectura":"3 minutos"},"schema":{"@context":"https:\/\/schema.org","@graph":[{"@type":"WebPage","@id":"https:\/\/soziolinguistika.eus\/es\/quienes-somos\/cooperacion\/","url":"https:\/\/soziolinguistika.eus\/es\/quienes-somos\/cooperacion\/","name":"Alianzas - Soziolinguistika Klusterra","isPartOf":{"@id":"https:\/\/soziolinguistika.eus\/es\/#website"},"datePublished":"2020-02-14T07:37:30+00:00","dateModified":"2021-03-30T11:30:52+00:00","breadcrumb":{"@id":"https:\/\/soziolinguistika.eus\/es\/quienes-somos\/cooperacion\/#breadcrumb"},"inLanguage":"es","potentialAction":[{"@type":"ReadAction","target":["https:\/\/soziolinguistika.eus\/es\/quienes-somos\/cooperacion\/"]}]},{"@type":"BreadcrumbList","@id":"https:\/\/soziolinguistika.eus\/es\/quienes-somos\/cooperacion\/#breadcrumb","itemListElement":[{"@type":"ListItem","position":1,"name":"Soziolinguistika klusterra","item":"https:\/\/soziolinguistika.eus\/es\/"},{"@type":"ListItem","position":2,"name":"Quienes somos","item":"https:\/\/soziolinguistika.eus\/es\/quienes-somos\/"},{"@type":"ListItem","position":3,"name":"Alianzas"}]},{"@type":"WebSite","@id":"https:\/\/soziolinguistika.eus\/es\/#website","url":"https:\/\/soziolinguistika.eus\/es\/","name":"Soziolinguistika Klusterra","description":"Euskara biziberritzeko ikergunea","potentialAction":[{"@type":"SearchAction","target":{"@type":"EntryPoint","urlTemplate":"https:\/\/soziolinguistika.eus\/es\/?s={search_term_string}"},"query-input":{"@type":"PropertyValueSpecification","valueRequired":true,"valueName":"search_term_string"}}],"inLanguage":"es"}]}},"_links":{"self":[{"href":"https:\/\/soziolinguistika.eus\/es\/wp-json\/wp\/v2\/pages\/14843","targetHints":{"allow":["GET"]}}],"collection":[{"href":"https:\/\/soziolinguistika.eus\/es\/wp-json\/wp\/v2\/pages"}],"about":[{"href":"https:\/\/soziolinguistika.eus\/es\/wp-json\/wp\/v2\/types\/page"}],"author":[{"embeddable":true,"href":"https:\/\/soziolinguistika.eus\/es\/wp-json\/wp\/v2\/users\/1"}],"replies":[{"embeddable":true,"href":"https:\/\/soziolinguistika.eus\/es\/wp-json\/wp\/v2\/comments?post=14843"}],"version-history":[{"count":8,"href":"https:\/\/soziolinguistika.eus\/es\/wp-json\/wp\/v2\/pages\/14843\/revisions"}],"predecessor-version":[{"id":18431,"href":"https:\/\/soziolinguistika.eus\/es\/wp-json\/wp\/v2\/pages\/14843\/revisions\/18431"}],"up":[{"embeddable":true,"href":"https:\/\/soziolinguistika.eus\/es\/wp-json\/wp\/v2\/pages\/14800"}],"wp:attachment":[{"href":"https:\/\/soziolinguistika.eus\/es\/wp-json\/wp\/v2\/media?parent=14843"}],"curies":[{"name":"wp","href":"https:\/\/api.w.org\/{rel}","templated":true}]}}