{"id":14846,"date":"2020-02-14T08:37:11","date_gmt":"2020-02-14T07:37:11","guid":{"rendered":"https:\/\/soziolinguistika.eus\/quienes-somos\/bulego-teknikoa\/"},"modified":"2021-10-04T12:44:45","modified_gmt":"2021-10-04T11:44:45","slug":"oficina-tecnica","status":"publish","type":"page","link":"https:\/\/soziolinguistika.eus\/es\/quienes-somos\/oficina-tecnica\/","title":{"rendered":"Oficina t\u00e9cnica"},"content":{"rendered":"<section class=\"l-section wpb_row height_medium\"><div class=\"l-section-h i-cf\"><div class=\"g-cols vc_row via_flex valign_top type_default stacking_default\"><div class=\"vc_col-sm-12 wpb_column vc_column_container\"><div class=\"vc_column-inner\"><div class=\"wpb_wrapper\"><div class=\"wpb_text_column\"><div class=\"wpb_wrapper\"><p><span style=\"color: #000000\">La Oficina T\u00e9cnica es la encargada de gestionar y desarrollar los objetivos, estrategias y proyectos de Soziolinguistika Klusterra. <\/span><\/p>\n<p><span style=\"color: #000000\">Actualmente la Oficina T\u00e9cnica est\u00e1 formada por 9 personas:<\/span><\/p>\n<\/div><\/div><div class=\"w-separator size_medium\"><\/div><\/div><\/div><\/div><\/div><\/div><\/section><section class=\"l-section wpb_row height_medium\"><div class=\"l-section-h i-cf\"><div class=\"g-cols vc_row via_flex valign_top type_default stacking_default\"><div class=\"vc_col-sm-4 wpb_column vc_column_container\"><div class=\"vc_column-inner\"><div class=\"wpb_wrapper\">[vc_custom_heading text=\u00bbOlatz Altuna Zumeta\u00bb use_theme_fonts=\u00bbyes\u00bb css=\u00bb%7B%22default%22%3A%7B%22margin-bottom%22%3A%220%22%7D%7D\u00bb]<div class=\"w-text us_custom_55f2a727 has_text_color\"><span class=\"w-text-h\"><span class=\"w-text-value\">Investigador<\/span><\/span><\/div><span class=\"w-text us_custom_d208f256\"><span class=\"w-text-h\"><span class=\"w-text-value\">Licenciada en Sociolog\u00eda y Ciencias Pol\u00edticas.<\/span><\/span><\/span><div class=\"wpb_text_column\"><div class=\"wpb_wrapper\"><p>Directora de las cinco \u00faltimas ediciones de la Medici\u00f3n de Uso de las Lenguas en Euskal Herria. Ha trabajado especialmente en metodolog\u00edas para medir el uso de las lenguas, en el an\u00e1lisis de indicadores socioling\u00fc\u00edsticos y en investigaci\u00f3n de la realidad ling\u00fc\u00edstica de los j\u00f3venes.<\/p>\n<\/div><\/div><\/div><\/div><\/div><div class=\"vc_col-sm-4 wpb_column vc_column_container\"><div class=\"vc_column-inner\"><div class=\"wpb_wrapper\">[vc_custom_heading text=\u00bbAsier Basurto Arruti\u00bb use_theme_fonts=\u00bbyes\u00bb css=\u00bb%7B%22default%22%3A%7B%22margin-bottom%22%3A%220%22%7D%7D\u00bb]<div class=\"w-text us_custom_55f2a727 has_text_color\"><span class=\"w-text-h\"><span class=\"w-text-value\">Investigador y responsable de comunicaci\u00f3n<\/span><\/span><\/div><span class=\"w-text us_custom_d208f256\"><span class=\"w-text-h\"><span class=\"w-text-value\">Licenciado en Sociolog\u00eda y Especialista Universitario en Planificaci\u00f3n Ling\u00fc\u00edstica (HIZNET)<\/span><\/span><\/span><div class=\"wpb_text_column\"><div class=\"wpb_wrapper\"><p>Entre los temas tratados se encuentran los usos ling\u00fc\u00edsticos de las y los j\u00f3venes, las metodolog\u00edas de medici\u00f3n del uso ling\u00fc\u00edstico por medio de observaci\u00f3n y la comunicaci\u00f3n p\u00fablica de las organizaciones.<\/p>\n<\/div><\/div><\/div><\/div><\/div><div class=\"vc_col-sm-4 wpb_column vc_column_container\"><div class=\"vc_column-inner\"><div class=\"wpb_wrapper\">[vc_custom_heading text=\u00bbOlatz Bengoetxea Manterola\u00bb use_theme_fonts=\u00bbyes\u00bb css=\u00bb%7B%22default%22%3A%7B%22margin-bottom%22%3A%220%22%7D%7D\u00bb]<div class=\"w-text us_custom_55f2a727 has_text_color\"><span class=\"w-text-h\"><span class=\"w-text-value\">Investigadora y formadora<\/span><\/span><\/div><span class=\"w-text us_custom_d208f256\"><span class=\"w-text-h\"><span class=\"w-text-value\">Licenciada en Filolog\u00eda Vasca y M\u00e1ster en Ling\u00fc\u00edstica y Filolog\u00eda Vasca<\/span><\/span><\/span><div class=\"wpb_text_column\"><div class=\"wpb_wrapper\"><p>Trabaja en proyectos de creaci\u00f3n, desarrollo y aplicaci\u00f3n de metodolog\u00edas para incidir en la comunicaci\u00f3n oral en el \u00e1mbito de la educaci\u00f3n reglada. Asimismo, ofrece sesiones formativas en adaptadas a diferentes contextos socioling\u00fc\u00edsticos y objetivos.<\/p>\n<\/div><\/div><\/div><\/div><\/div><div class=\"vc_col-sm-12 wpb_column vc_column_container\"><div class=\"vc_column-inner\"><div class=\"wpb_wrapper\"><div class=\"w-separator size_medium\"><\/div><\/div><\/div><\/div><\/div><\/div><\/section><section class=\"l-section wpb_row height_medium\"><div class=\"l-section-h i-cf\"><div class=\"g-cols vc_row via_flex valign_top type_default stacking_default\"><div class=\"vc_col-sm-4 wpb_column vc_column_container\"><div class=\"vc_column-inner\"><div class=\"wpb_wrapper\">[vc_custom_heading text=\u00bbBe\u00f1at Garaio Mendizabal\u00bb use_theme_fonts=\u00bbyes\u00bb css=\u00bb%7B%22default%22%3A%7B%22margin-bottom%22%3A%220%22%7D%7D\u00bb]<div class=\"w-text us_custom_55f2a727 has_text_color\"><span class=\"w-text-h\"><span class=\"w-text-value\">Investigador<\/span><\/span><\/div><span class=\"w-text us_custom_d208f256\"><span class=\"w-text-h\"><span class=\"w-text-value\">M\u00e1ster en Revitalizaci\u00f3n de Lenguas Minorizadas y doctorando en Educaci\u00f3n Multiling\u00fce<\/span><\/span><\/span><div class=\"wpb_text_column\"><div class=\"wpb_wrapper\"><p>Ha trabajado en socioling\u00fc\u00edstica y la revitalizaci\u00f3n de las lenguas, tanto en el \u00e1mbito de la investigaci\u00f3n (tesis doctoral y otras) como en la organizaci\u00f3n de proyectos de intervenci\u00f3n (charlas, formaci\u00f3n, encuentros juveniles, ocio\u2026). Es miembro de la comisi\u00f3n editorial de la revista de socioling\u00fc\u00edstica Bat.<\/p>\n<\/div><\/div><\/div><\/div><\/div><div class=\"vc_col-sm-4 wpb_column vc_column_container\"><div class=\"vc_column-inner\"><div class=\"wpb_wrapper\">[vc_custom_heading text=\u00bbIsabel Godinez Hidalgo\u00bb use_theme_fonts=\u00bbyes\u00bb css=\u00bb%7B%22default%22%3A%7B%22margin-bottom%22%3A%220%22%7D%7D\u00bb]<div class=\"w-text us_custom_55f2a727 has_text_color\"><span class=\"w-text-h\"><span class=\"w-text-value\">Responsable financiera y de infraestructura<\/span><\/span><\/div><span class=\"w-text us_custom_d208f256\"><span class=\"w-text-h\"><span class=\"w-text-value\">Formaci\u00f3n Profesional Superior en Administraci\u00f3n y Finanzas<\/span><\/span><\/span><div class=\"wpb_text_column\"><div class=\"wpb_wrapper\"><p>Desarrolla tareas relacionadas con la gesti\u00f3n administrativa y econ\u00f3mica de la organizaci\u00f3n, atiende a los recursos y necesidades t\u00e9cnicas de la Oficina T\u00e9cnica y desempe\u00f1a diversas funciones t\u00e9cnicas en los proyectos.<\/p>\n<\/div><\/div><\/div><\/div><\/div><div class=\"vc_col-sm-4 wpb_column vc_column_container\"><div class=\"vc_column-inner\"><div class=\"wpb_wrapper\">[vc_custom_heading text=\u00bbMaialen I\u00f1arra Arregi\u00bb use_theme_fonts=\u00bbyes\u00bb css=\u00bb%7B%22default%22%3A%7B%22margin-bottom%22%3A%220%22%7D%7D\u00bb]<div class=\"w-text us_custom_55f2a727 has_text_color\"><span class=\"w-text-h\"><span class=\"w-text-value\">Investigador<\/span><\/span><\/div><span class=\"w-text us_custom_d208f256\"><span class=\"w-text-h\"><span class=\"w-text-value\">Graduada en Sociolog\u00eda y M\u00e1ster en Ciencias Sociales<\/span><\/span><\/span><div class=\"wpb_text_column\"><div class=\"wpb_wrapper\"><p>Entre los temas tratados se encuentran las mediciones por observaci\u00f3n de los usos ling\u00fc\u00edsticos (en la calle, en la universidad, en el deporte\u2026), los usos ling\u00fc\u00edsticos de los alumnos en el \u00e1mbito escolar, los usos ling\u00fc\u00edsiticos en el \u00e1mbito del ocio juvenil y la activaci\u00f3n ling\u00fc\u00edstica.<\/p>\n<\/div><\/div><\/div><\/div><\/div><div class=\"vc_col-sm-12 wpb_column vc_column_container\"><div class=\"vc_column-inner\"><div class=\"wpb_wrapper\"><div class=\"w-separator size_medium\"><\/div><\/div><\/div><\/div><\/div><\/div><\/section><section class=\"l-section wpb_row height_medium\"><div class=\"l-section-h i-cf\"><div class=\"g-cols vc_row via_flex valign_top type_default stacking_default\"><div class=\"vc_col-sm-4 wpb_column vc_column_container\"><div class=\"vc_column-inner\"><div class=\"wpb_wrapper\">[vc_custom_heading text=\u00bbImanol Larrea Mendizabal\u00bb use_theme_fonts=\u00bbyes\u00bb css=\u00bb%7B%22default%22%3A%7B%22margin-bottom%22%3A%220%22%7D%7D\u00bb]<div class=\"w-text us_custom_55f2a727 has_text_color\"><span class=\"w-text-h\"><span class=\"w-text-value\">Director<\/span><\/span><\/div><span class=\"w-text us_custom_d208f256\"><span class=\"w-text-h\"><span class=\"w-text-value\">Licenciado en Sociolog\u00eda y Doctor en Comunicaci\u00f3n.<\/span><\/span><\/span><div class=\"wpb_text_column\"><div class=\"wpb_wrapper\"><p>Ha tratado estos temas: inmigraci\u00f3n, actitudes ling\u00fc\u00edsticas, socioling\u00fc\u00edstica catalana, promoci\u00f3n del euskera en el \u00e1mbito socioecon\u00f3mico y gesti\u00f3n de la I+D+i (Investigaci\u00f3n, desarrollo e innovaci\u00f3n).<\/p>\n<\/div><\/div><\/div><\/div><\/div><div class=\"vc_col-sm-4 wpb_column vc_column_container\"><div class=\"vc_column-inner\"><div class=\"wpb_wrapper\">[vc_custom_heading text=\u00bbPablo Suberbiola Unanue\u00bb use_theme_fonts=\u00bbyes\u00bb css=\u00bb%7B%22default%22%3A%7B%22margin-bottom%22%3A%220%22%7D%7D\u00bb]<div class=\"w-text us_custom_55f2a727 has_text_color\"><span class=\"w-text-h\"><span class=\"w-text-value\">Investigador<\/span><\/span><\/div><span class=\"w-text us_custom_d208f256\"><span class=\"w-text-h\"><span class=\"w-text-value\">Licenciatura en Sociolog\u00eda, M\u00e1ster en Humanidades y Especialista Universitario en Planificaci\u00f3n Ling\u00fc\u00edstica (HIZNET)<\/span><\/span><\/span><div class=\"wpb_text_column\"><div class=\"wpb_wrapper\"><p>Temas que aborda: Procesos de cambio de h\u00e1bitos ling\u00fc\u00edsticos, usos ling\u00fc\u00edsticos de la poblaci\u00f3n infantil y juvenil y aplicaci\u00f3n de la planificaci\u00f3n ling\u00fc\u00edstica en las organizaciones.<\/p>\n<\/div><\/div><\/div><\/div><\/div><div class=\"vc_col-sm-4 wpb_column vc_column_container\"><div class=\"vc_column-inner\"><div class=\"wpb_wrapper\">[vc_custom_heading text=\u00bbBelen Uranga Arakistain\u00bb use_theme_fonts=\u00bbyes\u00bb css=\u00bb%7B%22default%22%3A%7B%22margin-bottom%22%3A%220%22%7D%7D\u00bb]<div class=\"w-text us_custom_55f2a727 has_text_color\"><span class=\"w-text-h\"><span class=\"w-text-value\">Investigadora y coordinadora de la Revista Socioling\u00fc\u00edstica Bat<\/span><\/span><\/div><span class=\"w-text us_custom_d208f256\"><span class=\"w-text-h\"><span class=\"w-text-value\">Licenciatura en Filolog\u00eda Vasca<\/span><\/span><\/span><div class=\"wpb_text_column\"><div class=\"wpb_wrapper\"><p>Entre los temas tratados se encuentran la ecolog\u00eda ling\u00fc\u00edstica, \u00a0la diversidad ling\u00fc\u00edstica y las metodolog\u00edas para medir el uso de las lenguas.<\/p>\n<\/div><\/div><\/div><\/div><\/div><div class=\"vc_col-sm-12 wpb_column vc_column_container\"><div class=\"vc_column-inner\"><div class=\"wpb_wrapper\"><div class=\"w-separator size_medium\"><\/div><\/div><\/div><\/div><\/div><\/div><\/section>\n","protected":false},"excerpt":{"rendered":"La Oficina T\u00e9cnica es la encargada de gestionar y desarrollar los objetivos, estrategias y proyectos de Soziolinguistika Klusterra. Actualmente la Oficina T\u00e9cnica est\u00e1 formada por 9 personas: [vc_custom_heading text=\"Olatz Altuna Zumeta\" use_theme_fonts=\"yes\" css=\"%7B%22default%22%3A%7B%22margin-bottom%22%3A%220%22%7D%7D\"]InvestigadorLicenciada en Sociolog\u00eda y Ciencias Pol\u00edticas.Directora de las cinco \u00faltimas ediciones de la Medici\u00f3n de Uso de las Lenguas en Euskal Herria. Ha...","protected":false},"author":1,"featured_media":0,"parent":14800,"menu_order":5,"comment_status":"closed","ping_status":"closed","template":"","meta":{"_acf_changed":false,"footnotes":""},"class_list":["post-14846","page","type-page","status-publish","hentry"],"acf":[],"yoast_head":"<!-- This site is optimized with the Yoast SEO plugin v27.3 - https:\/\/yoast.com\/product\/yoast-seo-wordpress\/ -->\n<title>Oficina t\u00e9cnica - Soziolinguistika Klusterra<\/title>\n<meta name=\"robots\" content=\"index, follow, max-snippet:-1, max-image-preview:large, max-video-preview:-1\" \/>\n<link rel=\"canonical\" href=\"https:\/\/soziolinguistika.eus\/es\/quienes-somos\/oficina-tecnica\/\" \/>\n<meta property=\"og:locale\" content=\"es_ES\" \/>\n<meta property=\"og:type\" content=\"article\" \/>\n<meta property=\"og:title\" content=\"Oficina t\u00e9cnica - Soziolinguistika Klusterra\" \/>\n<meta property=\"og:url\" content=\"https:\/\/soziolinguistika.eus\/es\/quienes-somos\/oficina-tecnica\/\" \/>\n<meta property=\"og:site_name\" content=\"Soziolinguistika Klusterra\" \/>\n<meta property=\"article:modified_time\" content=\"2021-10-04T11:44:45+00:00\" \/>\n<meta name=\"twitter:card\" content=\"summary_large_image\" \/>\n<meta name=\"twitter:label1\" content=\"Tiempo de lectura\" \/>\n\t<meta name=\"twitter:data1\" content=\"3 minutos\" \/>\n<script type=\"application\/ld+json\" class=\"yoast-schema-graph\">{\"@context\":\"https:\\\/\\\/schema.org\",\"@graph\":[{\"@type\":\"WebPage\",\"@id\":\"https:\\\/\\\/soziolinguistika.eus\\\/es\\\/quienes-somos\\\/oficina-tecnica\\\/\",\"url\":\"https:\\\/\\\/soziolinguistika.eus\\\/es\\\/quienes-somos\\\/oficina-tecnica\\\/\",\"name\":\"Oficina t\u00e9cnica - Soziolinguistika Klusterra\",\"isPartOf\":{\"@id\":\"https:\\\/\\\/soziolinguistika.eus\\\/es\\\/#website\"},\"datePublished\":\"2020-02-14T07:37:11+00:00\",\"dateModified\":\"2021-10-04T11:44:45+00:00\",\"breadcrumb\":{\"@id\":\"https:\\\/\\\/soziolinguistika.eus\\\/es\\\/quienes-somos\\\/oficina-tecnica\\\/#breadcrumb\"},\"inLanguage\":\"es\",\"potentialAction\":[{\"@type\":\"ReadAction\",\"target\":[\"https:\\\/\\\/soziolinguistika.eus\\\/es\\\/quienes-somos\\\/oficina-tecnica\\\/\"]}]},{\"@type\":\"BreadcrumbList\",\"@id\":\"https:\\\/\\\/soziolinguistika.eus\\\/es\\\/quienes-somos\\\/oficina-tecnica\\\/#breadcrumb\",\"itemListElement\":[{\"@type\":\"ListItem\",\"position\":1,\"name\":\"Soziolinguistika klusterra\",\"item\":\"https:\\\/\\\/soziolinguistika.eus\\\/es\\\/\"},{\"@type\":\"ListItem\",\"position\":2,\"name\":\"Quienes somos\",\"item\":\"https:\\\/\\\/soziolinguistika.eus\\\/es\\\/quienes-somos\\\/\"},{\"@type\":\"ListItem\",\"position\":3,\"name\":\"Oficina t\u00e9cnica\"}]},{\"@type\":\"WebSite\",\"@id\":\"https:\\\/\\\/soziolinguistika.eus\\\/es\\\/#website\",\"url\":\"https:\\\/\\\/soziolinguistika.eus\\\/es\\\/\",\"name\":\"Soziolinguistika Klusterra\",\"description\":\"Euskara biziberritzeko ikergunea\",\"potentialAction\":[{\"@type\":\"SearchAction\",\"target\":{\"@type\":\"EntryPoint\",\"urlTemplate\":\"https:\\\/\\\/soziolinguistika.eus\\\/es\\\/?s={search_term_string}\"},\"query-input\":{\"@type\":\"PropertyValueSpecification\",\"valueRequired\":true,\"valueName\":\"search_term_string\"}}],\"inLanguage\":\"es\"}]}<\/script>\n<!-- \/ Yoast SEO plugin. -->","yoast_head_json":{"title":"Oficina t\u00e9cnica - Soziolinguistika Klusterra","robots":{"index":"index","follow":"follow","max-snippet":"max-snippet:-1","max-image-preview":"max-image-preview:large","max-video-preview":"max-video-preview:-1"},"canonical":"https:\/\/soziolinguistika.eus\/es\/quienes-somos\/oficina-tecnica\/","og_locale":"es_ES","og_type":"article","og_title":"Oficina t\u00e9cnica - Soziolinguistika Klusterra","og_url":"https:\/\/soziolinguistika.eus\/es\/quienes-somos\/oficina-tecnica\/","og_site_name":"Soziolinguistika Klusterra","article_modified_time":"2021-10-04T11:44:45+00:00","twitter_card":"summary_large_image","twitter_misc":{"Tiempo de lectura":"3 minutos"},"schema":{"@context":"https:\/\/schema.org","@graph":[{"@type":"WebPage","@id":"https:\/\/soziolinguistika.eus\/es\/quienes-somos\/oficina-tecnica\/","url":"https:\/\/soziolinguistika.eus\/es\/quienes-somos\/oficina-tecnica\/","name":"Oficina t\u00e9cnica - Soziolinguistika Klusterra","isPartOf":{"@id":"https:\/\/soziolinguistika.eus\/es\/#website"},"datePublished":"2020-02-14T07:37:11+00:00","dateModified":"2021-10-04T11:44:45+00:00","breadcrumb":{"@id":"https:\/\/soziolinguistika.eus\/es\/quienes-somos\/oficina-tecnica\/#breadcrumb"},"inLanguage":"es","potentialAction":[{"@type":"ReadAction","target":["https:\/\/soziolinguistika.eus\/es\/quienes-somos\/oficina-tecnica\/"]}]},{"@type":"BreadcrumbList","@id":"https:\/\/soziolinguistika.eus\/es\/quienes-somos\/oficina-tecnica\/#breadcrumb","itemListElement":[{"@type":"ListItem","position":1,"name":"Soziolinguistika klusterra","item":"https:\/\/soziolinguistika.eus\/es\/"},{"@type":"ListItem","position":2,"name":"Quienes somos","item":"https:\/\/soziolinguistika.eus\/es\/quienes-somos\/"},{"@type":"ListItem","position":3,"name":"Oficina t\u00e9cnica"}]},{"@type":"WebSite","@id":"https:\/\/soziolinguistika.eus\/es\/#website","url":"https:\/\/soziolinguistika.eus\/es\/","name":"Soziolinguistika Klusterra","description":"Euskara biziberritzeko ikergunea","potentialAction":[{"@type":"SearchAction","target":{"@type":"EntryPoint","urlTemplate":"https:\/\/soziolinguistika.eus\/es\/?s={search_term_string}"},"query-input":{"@type":"PropertyValueSpecification","valueRequired":true,"valueName":"search_term_string"}}],"inLanguage":"es"}]}},"_links":{"self":[{"href":"https:\/\/soziolinguistika.eus\/es\/wp-json\/wp\/v2\/pages\/14846","targetHints":{"allow":["GET"]}}],"collection":[{"href":"https:\/\/soziolinguistika.eus\/es\/wp-json\/wp\/v2\/pages"}],"about":[{"href":"https:\/\/soziolinguistika.eus\/es\/wp-json\/wp\/v2\/types\/page"}],"author":[{"embeddable":true,"href":"https:\/\/soziolinguistika.eus\/es\/wp-json\/wp\/v2\/users\/1"}],"replies":[{"embeddable":true,"href":"https:\/\/soziolinguistika.eus\/es\/wp-json\/wp\/v2\/comments?post=14846"}],"version-history":[{"count":15,"href":"https:\/\/soziolinguistika.eus\/es\/wp-json\/wp\/v2\/pages\/14846\/revisions"}],"predecessor-version":[{"id":20275,"href":"https:\/\/soziolinguistika.eus\/es\/wp-json\/wp\/v2\/pages\/14846\/revisions\/20275"}],"up":[{"embeddable":true,"href":"https:\/\/soziolinguistika.eus\/es\/wp-json\/wp\/v2\/pages\/14800"}],"wp:attachment":[{"href":"https:\/\/soziolinguistika.eus\/es\/wp-json\/wp\/v2\/media?parent=14846"}],"curies":[{"name":"wp","href":"https:\/\/api.w.org\/{rel}","templated":true}]}}