{"id":14864,"date":"2020-02-14T08:36:01","date_gmt":"2020-02-14T07:36:01","guid":{"rendered":"https:\/\/soziolinguistika.eus\/quienes-somos\/hausnarketa-estrategikoa\/"},"modified":"2021-03-30T09:59:04","modified_gmt":"2021-03-30T08:59:04","slug":"reflexion-estrategica","status":"publish","type":"page","link":"https:\/\/soziolinguistika.eus\/es\/quienes-somos\/reflexion-estrategica\/","title":{"rendered":"Reflexi\u00f3n estrat\u00e9gica"},"content":{"rendered":"<section class=\"l-section wpb_row height_medium\"><div class=\"l-section-h i-cf\"><div class=\"g-cols vc_row via_flex valign_top type_default stacking_default\"><div class=\"vc_col-sm-12 wpb_column vc_column_container\"><div class=\"vc_column-inner\"><div class=\"wpb_wrapper\"><div class=\"w-image style_shadow-1 align_center\"><div class=\"w-image-h\"><img decoding=\"async\" width=\"1920\" height=\"758\" src=\"https:\/\/soziolinguistika.eus\/wp-content\/uploads\/2021\/03\/Hausnarketa-estrategikoa.jpg\" class=\"attachment-full size-full\" alt=\"\" loading=\"lazy\" srcset=\"https:\/\/soziolinguistika.eus\/wp-content\/uploads\/2021\/03\/Hausnarketa-estrategikoa.jpg 1920w, https:\/\/soziolinguistika.eus\/wp-content\/uploads\/2021\/03\/Hausnarketa-estrategikoa-300x118.jpg 300w, https:\/\/soziolinguistika.eus\/wp-content\/uploads\/2021\/03\/Hausnarketa-estrategikoa-1024x404.jpg 1024w\" sizes=\"auto, (max-width: 1920px) 100vw, 1920px\" \/><\/div><\/div><div class=\"w-separator size_small\"><\/div><div class=\"wpb_text_column\"><div class=\"wpb_wrapper\"><p>El proceso de reflexi\u00f3n para la elaboraci\u00f3n del Plan Estrat\u00e9gico 2020-2023 de Soziolinguistika Klusterra comenz\u00f3 a finales del a\u00f1o 2019 y finaliz\u00f3 en junio del 2020, cuando fue aprobado en la Asamblea General de la entidad.<\/p>\n<p>El confinamiento que se estableci\u00f3 entre marzo y junio para dar respuesta a la emergencia sanitaria provocada por la COVID-19 tuvo una gran incidencia en el proceso y en la situaci\u00f3n socioecon\u00f3mica. La incertidumbre habitual en estos tiempos se ha incrementado, lo que nos suscit\u00f3 dudas sobre la necesidad y oportunidad del plan estrat\u00e9gico. Decidimos avanzar. Y es que el Plan Estrat\u00e9gico es una herramienta din\u00e1mica y ser\u00e1 m\u00e1s importante que nunca ir adapt\u00e1ndose a las circunstancias.<\/p>\n<\/div><\/div><div class=\"w-separator size_small\"><\/div><\/div><\/div><\/div><\/div><\/div><\/section><section class=\"l-section wpb_row height_medium\"><div class=\"l-section-h i-cf\"><div class=\"g-cols vc_row via_flex valign_top type_default stacking_default\"><div class=\"vc_col-sm-12 wpb_column vc_column_container\"><div class=\"vc_column-inner\"><div class=\"wpb_wrapper\">[vc_custom_heading text=\u00bbL\u00edneas y objetivos estrat\u00e9gicos para el periodo 2020-2023&#8243; font_container=\u00bbtag:h3|text_align:left\u00bb use_theme_fonts=\u00bbyes\u00bb]<div class=\"wpb_text_column\"><div class=\"wpb_wrapper\"><p><strong>L\u00ednea estrat\u00e9gica 1: B\u00fasqueda de la excelencia<\/strong><\/p>\n<ul>\n<li>Garantizar el uso de criterios y m\u00e9todos cient\u00edficos actualizados.<\/li>\n<li>Dar pasos de mejora en la calidad de los resultados, incidiendo en el desarrollo de las personas y en la innovaci\u00f3n de los procesos.<\/li>\n<\/ul>\n<p><strong>L\u00ednea estrat\u00e9gica 2: Clarificar la funci\u00f3n propia de la organizaci\u00f3n<\/strong><\/p>\n<ul>\n<li>Referencialidad, cumplir funciones claras y reconocidas: Identificar aquello que hace Soziolinguistika Klusterra singular\/\u00fanico, para que su funci\u00f3n sea reconocida por todos los grupos de inter\u00e9s y financiada por quien corresponda.<\/li>\n<\/ul>\n<p><strong>L\u00ednea estrat\u00e9gica 3: Actualizaci\u00f3n de la arquitectura de la organizaci\u00f3n<\/strong><\/p>\n<ul>\n<li>Identificar los grupos de inter\u00e9s de la organizaci\u00f3n, determinando el lugar y la participaci\u00f3n de cada uno de ellos.<\/li>\n<li>Fortalecer los lazos con el \u00e1mbito acad\u00e9mico, avanzando en el aprovechamiento y optimizaci\u00f3n de las sinergias entre las personas dedicadas a la investigaci\u00f3n socioling\u00fc\u00edstica.<\/li>\n<\/ul>\n<p><strong>L\u00ednea estrat\u00e9gica 4: Consolidaci\u00f3n de la financiaci\u00f3n<\/strong><\/p>\n<ul>\n<li>Evitar posibles retrocesos ligados a la crisis econ\u00f3mica prevista.<\/li>\n<li>Desarrollar las v\u00edas de financiaci\u00f3n estructural que correspondan a la contribuci\u00f3n de la entidad a la revitalizaci\u00f3n del euskera en el desempe\u00f1o de sus funciones propias.<\/li>\n<li>An\u00e1lisis y exploraci\u00f3n de nuevas v\u00edas de financiaci\u00f3n.<\/li>\n<\/ul>\n<p><strong>L\u00ednea estrat\u00e9gica 5: Incremento de impacto<\/strong><\/p>\n<ul>\n<li>Sistematizar y mejorar la labor comunicativa de los proyectos revisando, entre otros, los criterios de publicaci\u00f3n.<\/li>\n<li>Intensificar la interacci\u00f3n con centros de investigaci\u00f3n y agentes internacionales.<\/li>\n<li>Establecer cauces para garantizar la presencia e incidencia en el conjunto del territorio de Euskal Herria: difusi\u00f3n, eventos, contactos\u2026<\/li>\n<\/ul>\n<\/div><\/div><\/div><\/div><\/div><\/div><\/div><\/section>\n","protected":false},"excerpt":{"rendered":"El proceso de reflexi\u00f3n para la elaboraci\u00f3n del Plan Estrat\u00e9gico 2020-2023 de Soziolinguistika Klusterra comenz\u00f3 a finales del a\u00f1o 2019 y finaliz\u00f3 en junio del 2020, cuando fue aprobado en la Asamblea General de la entidad. El confinamiento que se estableci\u00f3 entre marzo y junio para dar respuesta a la emergencia sanitaria provocada por la...","protected":false},"author":1,"featured_media":0,"parent":14800,"menu_order":2,"comment_status":"closed","ping_status":"closed","template":"","meta":{"_acf_changed":false,"footnotes":""},"class_list":["post-14864","page","type-page","status-publish","hentry"],"acf":[],"yoast_head":"<!-- This site is optimized with the Yoast SEO plugin v27.3 - https:\/\/yoast.com\/product\/yoast-seo-wordpress\/ -->\n<title>Reflexi\u00f3n estrat\u00e9gica - Soziolinguistika Klusterra<\/title>\n<meta name=\"robots\" content=\"index, follow, max-snippet:-1, max-image-preview:large, max-video-preview:-1\" \/>\n<link rel=\"canonical\" href=\"https:\/\/soziolinguistika.eus\/es\/quienes-somos\/reflexion-estrategica\/\" \/>\n<meta property=\"og:locale\" content=\"es_ES\" \/>\n<meta property=\"og:type\" content=\"article\" \/>\n<meta property=\"og:title\" content=\"Reflexi\u00f3n estrat\u00e9gica - Soziolinguistika Klusterra\" \/>\n<meta property=\"og:url\" content=\"https:\/\/soziolinguistika.eus\/es\/quienes-somos\/reflexion-estrategica\/\" \/>\n<meta property=\"og:site_name\" content=\"Soziolinguistika Klusterra\" \/>\n<meta property=\"article:modified_time\" content=\"2021-03-30T08:59:04+00:00\" \/>\n<meta name=\"twitter:card\" content=\"summary_large_image\" \/>\n<meta name=\"twitter:label1\" content=\"Tiempo de lectura\" \/>\n\t<meta name=\"twitter:data1\" content=\"2 minutos\" \/>\n<script type=\"application\/ld+json\" class=\"yoast-schema-graph\">{\"@context\":\"https:\\\/\\\/schema.org\",\"@graph\":[{\"@type\":\"WebPage\",\"@id\":\"https:\\\/\\\/soziolinguistika.eus\\\/es\\\/quienes-somos\\\/reflexion-estrategica\\\/\",\"url\":\"https:\\\/\\\/soziolinguistika.eus\\\/es\\\/quienes-somos\\\/reflexion-estrategica\\\/\",\"name\":\"Reflexi\u00f3n estrat\u00e9gica - Soziolinguistika Klusterra\",\"isPartOf\":{\"@id\":\"https:\\\/\\\/soziolinguistika.eus\\\/es\\\/#website\"},\"datePublished\":\"2020-02-14T07:36:01+00:00\",\"dateModified\":\"2021-03-30T08:59:04+00:00\",\"breadcrumb\":{\"@id\":\"https:\\\/\\\/soziolinguistika.eus\\\/es\\\/quienes-somos\\\/reflexion-estrategica\\\/#breadcrumb\"},\"inLanguage\":\"es\",\"potentialAction\":[{\"@type\":\"ReadAction\",\"target\":[\"https:\\\/\\\/soziolinguistika.eus\\\/es\\\/quienes-somos\\\/reflexion-estrategica\\\/\"]}]},{\"@type\":\"BreadcrumbList\",\"@id\":\"https:\\\/\\\/soziolinguistika.eus\\\/es\\\/quienes-somos\\\/reflexion-estrategica\\\/#breadcrumb\",\"itemListElement\":[{\"@type\":\"ListItem\",\"position\":1,\"name\":\"Soziolinguistika klusterra\",\"item\":\"https:\\\/\\\/soziolinguistika.eus\\\/es\\\/\"},{\"@type\":\"ListItem\",\"position\":2,\"name\":\"Quienes somos\",\"item\":\"https:\\\/\\\/soziolinguistika.eus\\\/es\\\/quienes-somos\\\/\"},{\"@type\":\"ListItem\",\"position\":3,\"name\":\"Reflexi\u00f3n estrat\u00e9gica\"}]},{\"@type\":\"WebSite\",\"@id\":\"https:\\\/\\\/soziolinguistika.eus\\\/es\\\/#website\",\"url\":\"https:\\\/\\\/soziolinguistika.eus\\\/es\\\/\",\"name\":\"Soziolinguistika Klusterra\",\"description\":\"Euskara biziberritzeko ikergunea\",\"potentialAction\":[{\"@type\":\"SearchAction\",\"target\":{\"@type\":\"EntryPoint\",\"urlTemplate\":\"https:\\\/\\\/soziolinguistika.eus\\\/es\\\/?s={search_term_string}\"},\"query-input\":{\"@type\":\"PropertyValueSpecification\",\"valueRequired\":true,\"valueName\":\"search_term_string\"}}],\"inLanguage\":\"es\"}]}<\/script>\n<!-- \/ Yoast SEO plugin. -->","yoast_head_json":{"title":"Reflexi\u00f3n estrat\u00e9gica - Soziolinguistika Klusterra","robots":{"index":"index","follow":"follow","max-snippet":"max-snippet:-1","max-image-preview":"max-image-preview:large","max-video-preview":"max-video-preview:-1"},"canonical":"https:\/\/soziolinguistika.eus\/es\/quienes-somos\/reflexion-estrategica\/","og_locale":"es_ES","og_type":"article","og_title":"Reflexi\u00f3n estrat\u00e9gica - Soziolinguistika Klusterra","og_url":"https:\/\/soziolinguistika.eus\/es\/quienes-somos\/reflexion-estrategica\/","og_site_name":"Soziolinguistika Klusterra","article_modified_time":"2021-03-30T08:59:04+00:00","twitter_card":"summary_large_image","twitter_misc":{"Tiempo de lectura":"2 minutos"},"schema":{"@context":"https:\/\/schema.org","@graph":[{"@type":"WebPage","@id":"https:\/\/soziolinguistika.eus\/es\/quienes-somos\/reflexion-estrategica\/","url":"https:\/\/soziolinguistika.eus\/es\/quienes-somos\/reflexion-estrategica\/","name":"Reflexi\u00f3n estrat\u00e9gica - Soziolinguistika Klusterra","isPartOf":{"@id":"https:\/\/soziolinguistika.eus\/es\/#website"},"datePublished":"2020-02-14T07:36:01+00:00","dateModified":"2021-03-30T08:59:04+00:00","breadcrumb":{"@id":"https:\/\/soziolinguistika.eus\/es\/quienes-somos\/reflexion-estrategica\/#breadcrumb"},"inLanguage":"es","potentialAction":[{"@type":"ReadAction","target":["https:\/\/soziolinguistika.eus\/es\/quienes-somos\/reflexion-estrategica\/"]}]},{"@type":"BreadcrumbList","@id":"https:\/\/soziolinguistika.eus\/es\/quienes-somos\/reflexion-estrategica\/#breadcrumb","itemListElement":[{"@type":"ListItem","position":1,"name":"Soziolinguistika klusterra","item":"https:\/\/soziolinguistika.eus\/es\/"},{"@type":"ListItem","position":2,"name":"Quienes somos","item":"https:\/\/soziolinguistika.eus\/es\/quienes-somos\/"},{"@type":"ListItem","position":3,"name":"Reflexi\u00f3n estrat\u00e9gica"}]},{"@type":"WebSite","@id":"https:\/\/soziolinguistika.eus\/es\/#website","url":"https:\/\/soziolinguistika.eus\/es\/","name":"Soziolinguistika Klusterra","description":"Euskara biziberritzeko ikergunea","potentialAction":[{"@type":"SearchAction","target":{"@type":"EntryPoint","urlTemplate":"https:\/\/soziolinguistika.eus\/es\/?s={search_term_string}"},"query-input":{"@type":"PropertyValueSpecification","valueRequired":true,"valueName":"search_term_string"}}],"inLanguage":"es"}]}},"_links":{"self":[{"href":"https:\/\/soziolinguistika.eus\/es\/wp-json\/wp\/v2\/pages\/14864","targetHints":{"allow":["GET"]}}],"collection":[{"href":"https:\/\/soziolinguistika.eus\/es\/wp-json\/wp\/v2\/pages"}],"about":[{"href":"https:\/\/soziolinguistika.eus\/es\/wp-json\/wp\/v2\/types\/page"}],"author":[{"embeddable":true,"href":"https:\/\/soziolinguistika.eus\/es\/wp-json\/wp\/v2\/users\/1"}],"replies":[{"embeddable":true,"href":"https:\/\/soziolinguistika.eus\/es\/wp-json\/wp\/v2\/comments?post=14864"}],"version-history":[{"count":6,"href":"https:\/\/soziolinguistika.eus\/es\/wp-json\/wp\/v2\/pages\/14864\/revisions"}],"predecessor-version":[{"id":18376,"href":"https:\/\/soziolinguistika.eus\/es\/wp-json\/wp\/v2\/pages\/14864\/revisions\/18376"}],"up":[{"embeddable":true,"href":"https:\/\/soziolinguistika.eus\/es\/wp-json\/wp\/v2\/pages\/14800"}],"wp:attachment":[{"href":"https:\/\/soziolinguistika.eus\/es\/wp-json\/wp\/v2\/media?parent=14864"}],"curies":[{"name":"wp","href":"https:\/\/api.w.org\/{rel}","templated":true}]}}