{"id":14867,"date":"2020-02-14T08:28:31","date_gmt":"2020-02-14T07:28:31","guid":{"rendered":"https:\/\/soziolinguistika.eus\/quienes-somos\/aurkezpena\/"},"modified":"2021-04-12T09:01:54","modified_gmt":"2021-04-12T08:01:54","slug":"presentacion","status":"publish","type":"page","link":"https:\/\/soziolinguistika.eus\/es\/quienes-somos\/presentacion\/","title":{"rendered":"Presentaci\u00f3n"},"content":{"rendered":"<section class=\"l-section wpb_row height_medium\"><div class=\"l-section-h i-cf\"><div class=\"g-cols vc_row via_flex valign_top type_default stacking_default\"><div class=\"vc_col-sm-12 wpb_column vc_column_container\"><div class=\"vc_column-inner\"><div class=\"wpb_wrapper\"><div class=\"wpb_text_column\"><div class=\"wpb_wrapper\"><h2><strong>Misi\u00f3n<\/strong><\/h2>\n<p>El objetivo de Soziolinguistika Klusterra es crear y gestionar conocimiento socioling\u00fc\u00edstico para responder a las necesidades del proceso de revitalizaci\u00f3n del euskera.<\/p>\n<p>Su objetivo es aprovechar e incrementar las competencias socioling\u00fc\u00edsticas de los agentes implicados.<\/p>\n<p>Para ello desarrolla proyectos en colaboraci\u00f3n, construyendo puentes entre el conocimiento te\u00f3rico y el \u00e1mbito aplicado.<\/p>\n<h2><strong>Visi\u00f3n<\/strong><\/h2>\n<p>Soziolinguistika Klusterra quiere ser un centro de investigaci\u00f3n de referencia de la revitalizaci\u00f3n del euskera, asumiendo el papel de agente en el proceso de recuperaci\u00f3n y normalizaci\u00f3n del euskera e impulsando la innovaci\u00f3n.<\/p>\n<h2><strong>Valores<\/strong><\/h2>\n<p><strong>Cientificidad:<\/strong> act\u00faa con rigor sobre la base del m\u00e9todo cient\u00edfico, lo que le otorga legitimidad para actuar con autonom\u00eda respecto a otros agentes.<\/p>\n<p><strong>Colaboraci\u00f3n:<\/strong> se basa en la complementariedad y colaboraci\u00f3n para desarrollar sinergias y aumentar el valor a\u00f1adido de proyectos e iniciativas. Por ello, prioriza los proyectos de cooperaci\u00f3n en el marco de la innovaci\u00f3n abierta.<\/p>\n<p><strong>Responsabilidad social:<\/strong> su raz\u00f3n de ser es avanzar en el reto de la revitalizaci\u00f3n del euskera y difundir\u00e1 con transparencia los resultados de los proyectos realizados. Adem\u00e1s, velar\u00e1 por una sociedad m\u00e1s igualitaria en temas como la igualdad de g\u00e9nero, la sostenibilidad y la lucha contra las discriminaciones.<\/p>\n<p><strong>Territorialidad:<\/strong> tiene vocaci\u00f3n de actuar en todos los territorios del euskera.<\/p>\n<\/div><\/div><div class=\"w-separator size_small\"><\/div>[vc_custom_heading text=\u00bbInforme Anual 2020 &#091;EUS&#093;\u00bb font_container=\u00bbtag:h3|text_align:center\u00bb use_theme_fonts=\u00bbyes\u00bb]<div class=\"w-image align_center\"><a href=\"https:\/\/soziolinguistika.eus\/wp-content\/uploads\/2021\/03\/URTEKO-TXOSTENA-2020.pdf\" aria-label=\"URTEKO-TXOSTENA-2020\" class=\"w-image-h\"><img decoding=\"async\" width=\"222\" height=\"300\" src=\"https:\/\/soziolinguistika.eus\/wp-content\/uploads\/2021\/03\/URTEKO-TXOSTENA-2020-222x300.jpg\" class=\"attachment-medium size-medium\" alt=\"\" loading=\"lazy\" srcset=\"https:\/\/soziolinguistika.eus\/wp-content\/uploads\/2021\/03\/URTEKO-TXOSTENA-2020-222x300.jpg 222w, https:\/\/soziolinguistika.eus\/wp-content\/uploads\/2021\/03\/URTEKO-TXOSTENA-2020.jpg 758w\" sizes=\"auto, (max-width: 222px) 100vw, 222px\" \/><\/a><\/div><\/div><\/div><\/div><\/div><\/div><\/section>\n","protected":false},"excerpt":{"rendered":"Misi\u00f3n El objetivo de Soziolinguistika Klusterra es crear y gestionar conocimiento socioling\u00fc\u00edstico para responder a las necesidades del proceso de revitalizaci\u00f3n del euskera. Su objetivo es aprovechar e incrementar las competencias socioling\u00fc\u00edsticas de los agentes implicados. Para ello desarrolla proyectos en colaboraci\u00f3n, construyendo puentes entre el conocimiento te\u00f3rico y el \u00e1mbito aplicado. Visi\u00f3n Soziolinguistika Klusterra...","protected":false},"author":1,"featured_media":0,"parent":14800,"menu_order":1,"comment_status":"closed","ping_status":"closed","template":"","meta":{"_acf_changed":false,"footnotes":""},"class_list":["post-14867","page","type-page","status-publish","hentry"],"acf":[],"yoast_head":"<!-- This site is optimized with the Yoast SEO plugin v27.3 - https:\/\/yoast.com\/product\/yoast-seo-wordpress\/ -->\n<title>Presentaci\u00f3n - Soziolinguistika Klusterra<\/title>\n<meta name=\"robots\" content=\"index, follow, max-snippet:-1, max-image-preview:large, max-video-preview:-1\" \/>\n<link rel=\"canonical\" href=\"https:\/\/soziolinguistika.eus\/es\/quienes-somos\/presentacion\/\" \/>\n<meta property=\"og:locale\" content=\"es_ES\" \/>\n<meta property=\"og:type\" content=\"article\" \/>\n<meta property=\"og:title\" content=\"Presentaci\u00f3n - Soziolinguistika Klusterra\" \/>\n<meta property=\"og:url\" content=\"https:\/\/soziolinguistika.eus\/es\/quienes-somos\/presentacion\/\" \/>\n<meta property=\"og:site_name\" content=\"Soziolinguistika Klusterra\" \/>\n<meta property=\"article:modified_time\" content=\"2021-04-12T08:01:54+00:00\" \/>\n<meta name=\"twitter:card\" content=\"summary_large_image\" \/>\n<meta name=\"twitter:label1\" content=\"Tiempo de lectura\" \/>\n\t<meta name=\"twitter:data1\" content=\"1 minuto\" \/>\n<script type=\"application\/ld+json\" class=\"yoast-schema-graph\">{\"@context\":\"https:\\\/\\\/schema.org\",\"@graph\":[{\"@type\":\"WebPage\",\"@id\":\"https:\\\/\\\/soziolinguistika.eus\\\/es\\\/quienes-somos\\\/presentacion\\\/\",\"url\":\"https:\\\/\\\/soziolinguistika.eus\\\/es\\\/quienes-somos\\\/presentacion\\\/\",\"name\":\"Presentaci\u00f3n - Soziolinguistika Klusterra\",\"isPartOf\":{\"@id\":\"https:\\\/\\\/soziolinguistika.eus\\\/es\\\/#website\"},\"datePublished\":\"2020-02-14T07:28:31+00:00\",\"dateModified\":\"2021-04-12T08:01:54+00:00\",\"breadcrumb\":{\"@id\":\"https:\\\/\\\/soziolinguistika.eus\\\/es\\\/quienes-somos\\\/presentacion\\\/#breadcrumb\"},\"inLanguage\":\"es\",\"potentialAction\":[{\"@type\":\"ReadAction\",\"target\":[\"https:\\\/\\\/soziolinguistika.eus\\\/es\\\/quienes-somos\\\/presentacion\\\/\"]}]},{\"@type\":\"BreadcrumbList\",\"@id\":\"https:\\\/\\\/soziolinguistika.eus\\\/es\\\/quienes-somos\\\/presentacion\\\/#breadcrumb\",\"itemListElement\":[{\"@type\":\"ListItem\",\"position\":1,\"name\":\"Soziolinguistika klusterra\",\"item\":\"https:\\\/\\\/soziolinguistika.eus\\\/es\\\/\"},{\"@type\":\"ListItem\",\"position\":2,\"name\":\"Quienes somos\",\"item\":\"https:\\\/\\\/soziolinguistika.eus\\\/es\\\/quienes-somos\\\/\"},{\"@type\":\"ListItem\",\"position\":3,\"name\":\"Presentaci\u00f3n\"}]},{\"@type\":\"WebSite\",\"@id\":\"https:\\\/\\\/soziolinguistika.eus\\\/es\\\/#website\",\"url\":\"https:\\\/\\\/soziolinguistika.eus\\\/es\\\/\",\"name\":\"Soziolinguistika Klusterra\",\"description\":\"Euskara biziberritzeko ikergunea\",\"potentialAction\":[{\"@type\":\"SearchAction\",\"target\":{\"@type\":\"EntryPoint\",\"urlTemplate\":\"https:\\\/\\\/soziolinguistika.eus\\\/es\\\/?s={search_term_string}\"},\"query-input\":{\"@type\":\"PropertyValueSpecification\",\"valueRequired\":true,\"valueName\":\"search_term_string\"}}],\"inLanguage\":\"es\"}]}<\/script>\n<!-- \/ Yoast SEO plugin. -->","yoast_head_json":{"title":"Presentaci\u00f3n - Soziolinguistika Klusterra","robots":{"index":"index","follow":"follow","max-snippet":"max-snippet:-1","max-image-preview":"max-image-preview:large","max-video-preview":"max-video-preview:-1"},"canonical":"https:\/\/soziolinguistika.eus\/es\/quienes-somos\/presentacion\/","og_locale":"es_ES","og_type":"article","og_title":"Presentaci\u00f3n - Soziolinguistika Klusterra","og_url":"https:\/\/soziolinguistika.eus\/es\/quienes-somos\/presentacion\/","og_site_name":"Soziolinguistika Klusterra","article_modified_time":"2021-04-12T08:01:54+00:00","twitter_card":"summary_large_image","twitter_misc":{"Tiempo de lectura":"1 minuto"},"schema":{"@context":"https:\/\/schema.org","@graph":[{"@type":"WebPage","@id":"https:\/\/soziolinguistika.eus\/es\/quienes-somos\/presentacion\/","url":"https:\/\/soziolinguistika.eus\/es\/quienes-somos\/presentacion\/","name":"Presentaci\u00f3n - Soziolinguistika Klusterra","isPartOf":{"@id":"https:\/\/soziolinguistika.eus\/es\/#website"},"datePublished":"2020-02-14T07:28:31+00:00","dateModified":"2021-04-12T08:01:54+00:00","breadcrumb":{"@id":"https:\/\/soziolinguistika.eus\/es\/quienes-somos\/presentacion\/#breadcrumb"},"inLanguage":"es","potentialAction":[{"@type":"ReadAction","target":["https:\/\/soziolinguistika.eus\/es\/quienes-somos\/presentacion\/"]}]},{"@type":"BreadcrumbList","@id":"https:\/\/soziolinguistika.eus\/es\/quienes-somos\/presentacion\/#breadcrumb","itemListElement":[{"@type":"ListItem","position":1,"name":"Soziolinguistika klusterra","item":"https:\/\/soziolinguistika.eus\/es\/"},{"@type":"ListItem","position":2,"name":"Quienes somos","item":"https:\/\/soziolinguistika.eus\/es\/quienes-somos\/"},{"@type":"ListItem","position":3,"name":"Presentaci\u00f3n"}]},{"@type":"WebSite","@id":"https:\/\/soziolinguistika.eus\/es\/#website","url":"https:\/\/soziolinguistika.eus\/es\/","name":"Soziolinguistika Klusterra","description":"Euskara biziberritzeko ikergunea","potentialAction":[{"@type":"SearchAction","target":{"@type":"EntryPoint","urlTemplate":"https:\/\/soziolinguistika.eus\/es\/?s={search_term_string}"},"query-input":{"@type":"PropertyValueSpecification","valueRequired":true,"valueName":"search_term_string"}}],"inLanguage":"es"}]}},"_links":{"self":[{"href":"https:\/\/soziolinguistika.eus\/es\/wp-json\/wp\/v2\/pages\/14867","targetHints":{"allow":["GET"]}}],"collection":[{"href":"https:\/\/soziolinguistika.eus\/es\/wp-json\/wp\/v2\/pages"}],"about":[{"href":"https:\/\/soziolinguistika.eus\/es\/wp-json\/wp\/v2\/types\/page"}],"author":[{"embeddable":true,"href":"https:\/\/soziolinguistika.eus\/es\/wp-json\/wp\/v2\/users\/1"}],"replies":[{"embeddable":true,"href":"https:\/\/soziolinguistika.eus\/es\/wp-json\/wp\/v2\/comments?post=14867"}],"version-history":[{"count":12,"href":"https:\/\/soziolinguistika.eus\/es\/wp-json\/wp\/v2\/pages\/14867\/revisions"}],"predecessor-version":[{"id":18912,"href":"https:\/\/soziolinguistika.eus\/es\/wp-json\/wp\/v2\/pages\/14867\/revisions\/18912"}],"up":[{"embeddable":true,"href":"https:\/\/soziolinguistika.eus\/es\/wp-json\/wp\/v2\/pages\/14800"}],"wp:attachment":[{"href":"https:\/\/soziolinguistika.eus\/es\/wp-json\/wp\/v2\/media?parent=14867"}],"curies":[{"name":"wp","href":"https:\/\/api.w.org\/{rel}","templated":true}]}}