{"id":14842,"date":"2020-02-14T08:37:30","date_gmt":"2020-02-14T07:37:30","guid":{"rendered":"https:\/\/soziolinguistika.eus\/nor-gara\/aliantzak\/"},"modified":"2021-04-21T14:45:20","modified_gmt":"2021-04-21T13:45:20","slug":"alliances","status":"publish","type":"page","link":"https:\/\/soziolinguistika.eus\/fr\/qui-sommes-nous\/alliances\/","title":{"rendered":"Alliances"},"content":{"rendered":"<section class=\"l-section wpb_row height_medium\"><div class=\"l-section-h i-cf\"><div class=\"g-cols vc_row via_flex valign_top type_default stacking_default\"><div class=\"vc_col-sm-12 wpb_column vc_column_container\"><div class=\"vc_column-inner\"><div class=\"wpb_wrapper\">[vc_custom_heading text=\u00a0\u00bbNetwork to Promote Linguistic Diversity (NPLD)\u00a0\u00bb font_container=\u00a0\u00bbtag:h3|text_align:left\u00a0\u00bb use_theme_fonts=\u00a0\u00bbyes\u00a0\u00bb]<div class=\"w-image align_center\"><a href=\"https:\/\/www.npld.eu\/\" aria-label=\"npld-logo\" class=\"w-image-h\"><img decoding=\"async\" width=\"300\" height=\"168\" src=\"https:\/\/soziolinguistika.eus\/wp-content\/uploads\/2021\/03\/npld-logo-300x168.png\" class=\"attachment-medium size-medium\" alt=\"\" loading=\"lazy\" srcset=\"https:\/\/soziolinguistika.eus\/wp-content\/uploads\/2021\/03\/npld-logo-300x168.png 300w, https:\/\/soziolinguistika.eus\/wp-content\/uploads\/2021\/03\/npld-logo-360x200.png 360w, https:\/\/soziolinguistika.eus\/wp-content\/uploads\/2021\/03\/npld-logo.png 500w\" sizes=\"auto, (max-width: 300px) 100vw, 300px\" \/><\/a><\/div><div class=\"w-separator size_small\"><\/div><div class=\"wpb_text_column\"><div class=\"wpb_wrapper\"><p>Le R\u00e9seau pour la Promotion de la Diversit\u00e9 linguistique (NPLD) est un r\u00e9seau europ\u00e9en qui travaille dans le domaine de la politique linguistique europ\u00e9enne et la planification des langues minoritaires, r\u00e9gionales et des petits \u00c9tats. Le NPLD a pour membres des gouvernements nationaux, r\u00e9gionaux, des universit\u00e9s et des associations. L&rsquo;objectif principal est de sensibiliser \u00e0 l\u2019\u00e9chelle europ\u00e9enne sur l\u2019importance de la diversit\u00e9 linguistique et faciliter l\u2019\u00e9change des bonnes pratiques entre les gouvernements, politiques, professionnels, chercheurs et experts de toute l\u2019Europe. Soziolinguistika Klusterra est membre associ\u00e9 (associated member).<\/p>\n<\/div><\/div><div class=\"w-separator size_medium with_line width_default thick_1 style_solid color_border align_center\"><div class=\"w-separator-h\"><\/div><\/div><\/div><\/div><\/div><\/div><\/div><\/section><section class=\"l-section wpb_row height_medium\"><div class=\"l-section-h i-cf\"><div class=\"g-cols vc_row via_flex valign_top type_default stacking_default\"><div class=\"vc_col-sm-12 wpb_column vc_column_container\"><div class=\"vc_column-inner\"><div class=\"wpb_wrapper\">[vc_custom_heading text=\u00a0\u00bbR\u00e9seau basque de Science, Technologie et Innovation\u00a0\u00bb font_container=\u00a0\u00bbtag:h3|text_align:left\u00a0\u00bb use_theme_fonts=\u00a0\u00bbyes\u00a0\u00bb]<div class=\"w-image align_center\"><a href=\"https:\/\/www.spri.eus\/euskadinnova\/eu\/berrikuntza-teknologikoa\/zientzia-teknologia-berrikuntzaren-euskal-sarea\/382.aspx\" aria-label=\"zientzia-teknologia-euskal-sarea\" class=\"w-image-h\"><img decoding=\"async\" width=\"300\" height=\"92\" src=\"https:\/\/soziolinguistika.eus\/wp-content\/uploads\/2021\/03\/zientzia-teknologia-euskal-sarea-300x92.png\" class=\"attachment-medium size-medium\" alt=\"\" loading=\"lazy\" srcset=\"https:\/\/soziolinguistika.eus\/wp-content\/uploads\/2021\/03\/zientzia-teknologia-euskal-sarea-300x92.png 300w, https:\/\/soziolinguistika.eus\/wp-content\/uploads\/2021\/03\/zientzia-teknologia-euskal-sarea.png 500w\" sizes=\"auto, (max-width: 300px) 100vw, 300px\" \/><\/a><\/div><div class=\"w-separator size_small\"><\/div><div class=\"wpb_text_column\"><div class=\"wpb_wrapper\"><p>Le RVCTI se compose d&rsquo;agents scientifiques et technologiques qui travaillent en r\u00e9seau, d\u00e9veloppent une recherche sp\u00e9cialis\u00e9e, excellente et ax\u00e9e sur le march\u00e9, et qui contribuent \u00e0 g\u00e9n\u00e9rer de la richesse et du bien-\u00eatre en Euskadi. L\u2019objectif final est de faire en sorte que les agents r\u00e9alisent une offre scientifique et technologique compl\u00e8te pour faire face aux inefficacit\u00e9s du march\u00e9 et doter, r\u00e9glementer ou, au moins en partie, financer l&rsquo;innovation \u00e0 partir de l\u2019administration. Soziolinguistika Klusterra est membre du R\u00e9seau en tant qu\u2019Agent de M\u00e9diation Offre-Demande.<\/p>\n<\/div><\/div><div class=\"w-separator size_medium with_line width_default thick_1 style_solid color_border align_center\"><div class=\"w-separator-h\"><\/div><\/div><\/div><\/div><\/div><\/div><\/div><\/section><section class=\"l-section wpb_row height_medium\"><div class=\"l-section-h i-cf\"><div class=\"g-cols vc_row via_flex valign_top type_default stacking_default\"><div class=\"vc_col-sm-12 wpb_column vc_column_container\"><div class=\"vc_column-inner\"><div class=\"wpb_wrapper\">[vc_custom_heading text=\u00a0\u00bbGarabide\u00a0\u00bb font_container=\u00a0\u00bbtag:h3|text_align:left\u00a0\u00bb use_theme_fonts=\u00a0\u00bbyes\u00a0\u00bb]<div class=\"w-image align_center\"><a href=\"https:\/\/www.garabide.eus\/\" aria-label=\"garabide\" class=\"w-image-h\"><img decoding=\"async\" width=\"300\" height=\"172\" src=\"https:\/\/soziolinguistika.eus\/wp-content\/uploads\/2021\/03\/garabide-300x172.png\" class=\"attachment-medium size-medium\" alt=\"\" loading=\"lazy\" srcset=\"https:\/\/soziolinguistika.eus\/wp-content\/uploads\/2021\/03\/garabide-300x172.png 300w, https:\/\/soziolinguistika.eus\/wp-content\/uploads\/2021\/03\/garabide.png 512w\" sizes=\"auto, (max-width: 300px) 100vw, 300px\" \/><\/a><\/div><div class=\"w-separator size_small\"><\/div><div class=\"wpb_text_column\"><div class=\"wpb_wrapper\"><p>Garabide Elkartea est l\u2019Organisation non gouvernementale qui favorise les processus de revitalisation des langues minoritaires dans le monde \u00e0 partir de l\u2019exp\u00e9rience de l\u2019euskera et de la coop\u00e9ration. La mission de Garabide est de cr\u00e9er la base pour une ligne de coop\u00e9ration qui, jusqu\u2019\u00e0 maintenant, ne s\u2019est pas concr\u00e9tis\u00e9e, formant l&rsquo;un des axes potentiels de la coop\u00e9ration basque pour le d\u00e9veloppement. Soziolinguistika Klusterra participe au Conseil g\u00e9n\u00e9ral de Garabide.<\/p>\n<\/div><\/div><div class=\"w-separator size_medium with_line width_default thick_1 style_solid color_border align_center\"><div class=\"w-separator-h\"><\/div><\/div><\/div><\/div><\/div><\/div><\/div><\/section><section class=\"l-section wpb_row height_medium\"><div class=\"l-section-h i-cf\"><div class=\"g-cols vc_row via_flex valign_top type_default stacking_default\"><div class=\"vc_col-sm-12 wpb_column vc_column_container\"><div class=\"vc_column-inner\"><div class=\"wpb_wrapper\"><div class=\"wpb_text_column\"><div class=\"wpb_wrapper\"><p><b>Accords de collaboration:<\/b><\/p>\n<ul>\n<li><a href=\"https:\/\/www.ikasbil.eus\/eu\/web\/liburutegia\">Biblioth\u00e8que\u00a0HABE<\/a><\/li>\n<li><a href=\"https:\/\/www.etxepare.eus\/eu\">Institut basque Etxepare<\/a><\/li>\n<li><a href=\"https:\/\/www.euskaltzaindia.eus\/\">Euskaltzaindia<\/a><\/li>\n<li><a href=\"https:\/\/www.ehu.eus\/eu\/\">Universit\u00e9 du Pays Basque<\/a><\/li>\n<li><a href=\"https:\/\/www.ehu.eus\/eu\/web\/mho-unesco-katedra\">Chaire UNESCO du Patrimoine linguistique mondial<\/a><\/li>\n<li><a href=\"https:\/\/www.ehu.eus\/eu\/web\/multilingualism\/home\">Donostia Research Group on Education and Multilingualism (DREAM)<\/a><\/li>\n<li><a href=\"https:\/\/www.langune.eus\/eu\">Langune<\/a><\/li>\n<li><a href=\"https:\/\/blogs.iec.cat\/cruscat\/\">Xarxa Cruscat<\/a><\/li>\n<li><a href=\"https:\/\/www.mintzola.eus\/eu\">Fondation Mintzola<\/a><\/li>\n<\/ul>\n<\/div><\/div><\/div><\/div><\/div><\/div><\/div><\/section>\n","protected":false},"excerpt":{"rendered":"[vc_custom_heading text=\"Network to Promote Linguistic Diversity (NPLD)\" font_container=\"tag:h3|text_align:left\" use_theme_fonts=\"yes\"]Le R\u00e9seau pour la Promotion de la Diversit\u00e9 linguistique (NPLD) est un r\u00e9seau europ\u00e9en qui travaille dans le domaine de la politique linguistique europ\u00e9enne et la planification des langues minoritaires, r\u00e9gionales et des petits \u00c9tats. Le NPLD a pour membres des gouvernements nationaux, r\u00e9gionaux, des universit\u00e9s et...","protected":false},"author":1,"featured_media":0,"parent":14799,"menu_order":7,"comment_status":"closed","ping_status":"closed","template":"","meta":{"_acf_changed":false,"footnotes":""},"class_list":["post-14842","page","type-page","status-publish","hentry"],"acf":[],"yoast_head":"<!-- This site is optimized with the Yoast SEO plugin v26.7 - https:\/\/yoast.com\/wordpress\/plugins\/seo\/ -->\n<title>Alliances - Soziolinguistika Klusterra<\/title>\n<meta name=\"robots\" content=\"index, follow, max-snippet:-1, max-image-preview:large, max-video-preview:-1\" \/>\n<link rel=\"canonical\" href=\"https:\/\/soziolinguistika.eus\/fr\/qui-sommes-nous\/alliances\/\" \/>\n<meta property=\"og:locale\" content=\"fr_FR\" \/>\n<meta property=\"og:type\" content=\"article\" \/>\n<meta property=\"og:title\" content=\"Alliances - Soziolinguistika Klusterra\" \/>\n<meta property=\"og:url\" content=\"https:\/\/soziolinguistika.eus\/fr\/qui-sommes-nous\/alliances\/\" \/>\n<meta property=\"og:site_name\" content=\"Soziolinguistika Klusterra\" \/>\n<meta property=\"article:modified_time\" content=\"2021-04-21T13:45:20+00:00\" \/>\n<meta name=\"twitter:card\" content=\"summary_large_image\" \/>\n<meta name=\"twitter:label1\" content=\"Dur\u00e9e de lecture estim\u00e9e\" \/>\n\t<meta name=\"twitter:data1\" content=\"2 minutes\" \/>\n<script type=\"application\/ld+json\" class=\"yoast-schema-graph\">{\"@context\":\"https:\/\/schema.org\",\"@graph\":[{\"@type\":\"WebPage\",\"@id\":\"https:\/\/soziolinguistika.eus\/fr\/qui-sommes-nous\/alliances\/\",\"url\":\"https:\/\/soziolinguistika.eus\/fr\/qui-sommes-nous\/alliances\/\",\"name\":\"Alliances - Soziolinguistika Klusterra\",\"isPartOf\":{\"@id\":\"https:\/\/soziolinguistika.eus\/fr\/#website\"},\"datePublished\":\"2020-02-14T07:37:30+00:00\",\"dateModified\":\"2021-04-21T13:45:20+00:00\",\"breadcrumb\":{\"@id\":\"https:\/\/soziolinguistika.eus\/fr\/qui-sommes-nous\/alliances\/#breadcrumb\"},\"inLanguage\":\"fr-FR\",\"potentialAction\":[{\"@type\":\"ReadAction\",\"target\":[\"https:\/\/soziolinguistika.eus\/fr\/qui-sommes-nous\/alliances\/\"]}]},{\"@type\":\"BreadcrumbList\",\"@id\":\"https:\/\/soziolinguistika.eus\/fr\/qui-sommes-nous\/alliances\/#breadcrumb\",\"itemListElement\":[{\"@type\":\"ListItem\",\"position\":1,\"name\":\"Soziolinguistika klusterra\",\"item\":\"https:\/\/soziolinguistika.eus\/fr\/\"},{\"@type\":\"ListItem\",\"position\":2,\"name\":\"Qui sommes nous\",\"item\":\"https:\/\/soziolinguistika.eus\/fr\/qui-sommes-nous\/\"},{\"@type\":\"ListItem\",\"position\":3,\"name\":\"Alliances\"}]},{\"@type\":\"WebSite\",\"@id\":\"https:\/\/soziolinguistika.eus\/fr\/#website\",\"url\":\"https:\/\/soziolinguistika.eus\/fr\/\",\"name\":\"Soziolinguistika Klusterra\",\"description\":\"Euskara biziberritzeko ikergunea\",\"potentialAction\":[{\"@type\":\"SearchAction\",\"target\":{\"@type\":\"EntryPoint\",\"urlTemplate\":\"https:\/\/soziolinguistika.eus\/fr\/?s={search_term_string}\"},\"query-input\":{\"@type\":\"PropertyValueSpecification\",\"valueRequired\":true,\"valueName\":\"search_term_string\"}}],\"inLanguage\":\"fr-FR\"}]}<\/script>\n<!-- \/ Yoast SEO plugin. -->","yoast_head_json":{"title":"Alliances - Soziolinguistika Klusterra","robots":{"index":"index","follow":"follow","max-snippet":"max-snippet:-1","max-image-preview":"max-image-preview:large","max-video-preview":"max-video-preview:-1"},"canonical":"https:\/\/soziolinguistika.eus\/fr\/qui-sommes-nous\/alliances\/","og_locale":"fr_FR","og_type":"article","og_title":"Alliances - Soziolinguistika Klusterra","og_url":"https:\/\/soziolinguistika.eus\/fr\/qui-sommes-nous\/alliances\/","og_site_name":"Soziolinguistika Klusterra","article_modified_time":"2021-04-21T13:45:20+00:00","twitter_card":"summary_large_image","twitter_misc":{"Dur\u00e9e de lecture estim\u00e9e":"2 minutes"},"schema":{"@context":"https:\/\/schema.org","@graph":[{"@type":"WebPage","@id":"https:\/\/soziolinguistika.eus\/fr\/qui-sommes-nous\/alliances\/","url":"https:\/\/soziolinguistika.eus\/fr\/qui-sommes-nous\/alliances\/","name":"Alliances - Soziolinguistika Klusterra","isPartOf":{"@id":"https:\/\/soziolinguistika.eus\/fr\/#website"},"datePublished":"2020-02-14T07:37:30+00:00","dateModified":"2021-04-21T13:45:20+00:00","breadcrumb":{"@id":"https:\/\/soziolinguistika.eus\/fr\/qui-sommes-nous\/alliances\/#breadcrumb"},"inLanguage":"fr-FR","potentialAction":[{"@type":"ReadAction","target":["https:\/\/soziolinguistika.eus\/fr\/qui-sommes-nous\/alliances\/"]}]},{"@type":"BreadcrumbList","@id":"https:\/\/soziolinguistika.eus\/fr\/qui-sommes-nous\/alliances\/#breadcrumb","itemListElement":[{"@type":"ListItem","position":1,"name":"Soziolinguistika klusterra","item":"https:\/\/soziolinguistika.eus\/fr\/"},{"@type":"ListItem","position":2,"name":"Qui sommes nous","item":"https:\/\/soziolinguistika.eus\/fr\/qui-sommes-nous\/"},{"@type":"ListItem","position":3,"name":"Alliances"}]},{"@type":"WebSite","@id":"https:\/\/soziolinguistika.eus\/fr\/#website","url":"https:\/\/soziolinguistika.eus\/fr\/","name":"Soziolinguistika Klusterra","description":"Euskara biziberritzeko ikergunea","potentialAction":[{"@type":"SearchAction","target":{"@type":"EntryPoint","urlTemplate":"https:\/\/soziolinguistika.eus\/fr\/?s={search_term_string}"},"query-input":{"@type":"PropertyValueSpecification","valueRequired":true,"valueName":"search_term_string"}}],"inLanguage":"fr-FR"}]}},"_links":{"self":[{"href":"https:\/\/soziolinguistika.eus\/fr\/wp-json\/wp\/v2\/pages\/14842","targetHints":{"allow":["GET"]}}],"collection":[{"href":"https:\/\/soziolinguistika.eus\/fr\/wp-json\/wp\/v2\/pages"}],"about":[{"href":"https:\/\/soziolinguistika.eus\/fr\/wp-json\/wp\/v2\/types\/page"}],"author":[{"embeddable":true,"href":"https:\/\/soziolinguistika.eus\/fr\/wp-json\/wp\/v2\/users\/1"}],"replies":[{"embeddable":true,"href":"https:\/\/soziolinguistika.eus\/fr\/wp-json\/wp\/v2\/comments?post=14842"}],"version-history":[{"count":7,"href":"https:\/\/soziolinguistika.eus\/fr\/wp-json\/wp\/v2\/pages\/14842\/revisions"}],"predecessor-version":[{"id":19052,"href":"https:\/\/soziolinguistika.eus\/fr\/wp-json\/wp\/v2\/pages\/14842\/revisions\/19052"}],"up":[{"embeddable":true,"href":"https:\/\/soziolinguistika.eus\/fr\/wp-json\/wp\/v2\/pages\/14799"}],"wp:attachment":[{"href":"https:\/\/soziolinguistika.eus\/fr\/wp-json\/wp\/v2\/media?parent=14842"}],"curies":[{"name":"wp","href":"https:\/\/api.w.org\/{rel}","templated":true}]}}