{"id":14852,"date":"2020-02-14T08:36:54","date_gmt":"2020-02-14T07:36:54","guid":{"rendered":"https:\/\/soziolinguistika.eus\/nor-gara\/zuzendaritza\/"},"modified":"2022-09-30T13:59:39","modified_gmt":"2022-09-30T12:59:39","slug":"zuzendaritza","status":"publish","type":"page","link":"https:\/\/soziolinguistika.eus\/fr\/qui-sommes-nous\/zuzendaritza\/","title":{"rendered":"Comit\u00e9 de direction"},"content":{"rendered":"<section class=\"l-section wpb_row height_medium\"><div class=\"l-section-h i-cf\"><div class=\"g-cols vc_row via_flex valign_middle type_default stacking_default\" style=\"--additional-gap:10px;\"><div class=\"vc_col-sm-4 wpb_column vc_column_container has_bg_color\"><div class=\"vc_column-inner us_custom_0265f60e\"><div class=\"wpb_wrapper\"><div class=\"wpb_text_column\"><div class=\"wpb_wrapper\"><p><strong>AEK<\/strong><br \/>\nRepr\u00e9sentante\u00a0: Mertxe Mugika<br \/>\nPR\u00c9SIDENTE<\/p>\n<\/div><\/div><\/div><\/div><\/div><div class=\"vc_col-sm-4 wpb_column vc_column_container has_bg_color\"><div class=\"vc_column-inner us_custom_0265f60e\"><div class=\"wpb_wrapper\"><div class=\"wpb_text_column us_custom_0b9bf1be\"><div class=\"wpb_wrapper\"><p><strong>Euskaltzaleen Topagunea<\/strong><br \/>\nRepr\u00e9sentante : Jasone Mendizabal<br \/>\nVICE-PR\u00c9SIDENTE<\/p>\n<\/div><\/div><\/div><\/div><\/div><div class=\"vc_col-sm-4 wpb_column vc_column_container has_bg_color\"><div class=\"vc_column-inner us_custom_0265f60e\"><div class=\"wpb_wrapper\"><div class=\"wpb_text_column\"><div class=\"wpb_wrapper\"><p><strong>Elhuyar Aholkularitza<\/strong><br \/>\nRepr\u00e9sentante : Helene Armentia<br \/>\nTR\u00c9SORI\u00c8RE<\/p>\n<\/div><\/div><\/div><\/div><\/div><\/div><\/div><\/section><section class=\"l-section wpb_row height_medium\"><div class=\"l-section-h i-cf\"><div class=\"g-cols vc_row via_flex valign_middle type_default stacking_default\" style=\"--additional-gap:10px;\"><div class=\"vc_col-sm-4 wpb_column vc_column_container has_bg_color\"><div class=\"vc_column-inner us_custom_0265f60e\"><div class=\"wpb_wrapper\"><div class=\"wpb_text_column\"><div class=\"wpb_wrapper\"><p><strong>Eusko Ikaskuntza<\/strong><br \/>\nRepr\u00e9sentant: Ibon Manterola<\/p>\n<\/div><\/div><\/div><\/div><\/div><div class=\"vc_col-sm-4 wpb_column vc_column_container has_bg_color\"><div class=\"vc_column-inner us_custom_0265f60e\"><div class=\"wpb_wrapper\"><div class=\"wpb_text_column\"><div class=\"wpb_wrapper\"><p><strong>Artez Euskara Zerbitzua<\/strong><br \/>\nRepr\u00e9sentante\u00a0: Esti\u00f1e Astorkia<\/p>\n<\/div><\/div><\/div><\/div><\/div><div class=\"vc_col-sm-4 wpb_column vc_column_container has_bg_color\"><div class=\"vc_column-inner us_custom_0265f60e\"><div class=\"wpb_wrapper\"><div class=\"wpb_text_column us_custom_0b9bf1be\"><div class=\"wpb_wrapper\"><p><strong>Gipuzkoako Urtxintxa Eskola<\/strong><br \/>\nRepr\u00e9sentante\u00a0: Maite Asensio<\/p>\n<\/div><\/div><\/div><\/div><\/div><\/div><\/div><\/section><section class=\"l-section wpb_row height_medium\"><div class=\"l-section-h i-cf\"><div class=\"g-cols vc_row via_flex valign_middle type_default stacking_default\" style=\"--additional-gap:10px;\"><div class=\"vc_col-sm-4 wpb_column vc_column_container has_bg_color\"><div class=\"vc_column-inner us_custom_0265f60e\"><div class=\"wpb_wrapper\"><div class=\"wpb_text_column\"><div class=\"wpb_wrapper\"><p><strong>Emun Kooperatiba Elkartea<\/strong><br \/>\nRepr\u00e9sentante\u00a0: Anaida Agirre<\/p>\n<\/div><\/div><\/div><\/div><\/div><div class=\"vc_col-sm-4 wpb_column vc_column_container has_bg_color\"><div class=\"vc_column-inner us_custom_0265f60e\"><div class=\"wpb_wrapper\"><div class=\"wpb_text_column\"><div class=\"wpb_wrapper\"><p><strong>Universit\u00e9 de Mondragon. Facult\u00e9 des Sciences humaines et des Sciences de l\u2019\u00c9ducation<\/strong><br \/>\nRepr\u00e9sentante\u00a0: Eneritz Garro<\/p>\n<\/div><\/div><\/div><\/div><\/div><div class=\"vc_col-sm-4 wpb_column vc_column_container has_bg_color\"><div class=\"vc_column-inner us_custom_0265f60e\"><div class=\"wpb_wrapper\"><div class=\"wpb_text_column us_custom_0b9bf1be\"><div class=\"wpb_wrapper\"><p><strong>Udalerri Euskaldunen Mankomunitatea (UEMA)<\/strong><br \/>\nRepr\u00e9sentante\u00a0: Miren Segurola<\/p>\n<\/div><\/div><\/div><\/div><\/div><\/div><\/div><\/section><section class=\"l-section wpb_row height_medium\"><div class=\"l-section-h i-cf\"><div class=\"g-cols vc_row via_flex valign_middle type_default stacking_default\" style=\"--additional-gap:10px;\"><div class=\"vc_col-sm-4 wpb_column vc_column_container has_bg_color\"><div class=\"vc_column-inner us_custom_0265f60e\"><div class=\"wpb_wrapper\"><div class=\"wpb_text_column\"><div class=\"wpb_wrapper\"><p><strong>Universit\u00e9 du Pays Basque<\/strong><br \/>\nRepr\u00e9sentant\u00a0: Jon Zarate<\/p>\n<\/div><\/div><\/div><\/div><\/div><div class=\"vc_col-sm-4 wpb_column vc_column_container has_bg_color\"><div class=\"vc_column-inner us_custom_0265f60e\"><div class=\"wpb_wrapper\"><div class=\"wpb_text_column\"><div class=\"wpb_wrapper\"><p><strong>Bureau technique de Soziolinguistika Klusterra<\/strong><br \/>\nRepr\u00e9sentant : Olatz Altuna<\/p>\n<\/div><\/div><\/div><\/div><\/div><div class=\"vc_col-sm-4 wpb_column vc_column_container has_bg_color\"><div class=\"vc_column-inner us_custom_0265f60e\"><div class=\"wpb_wrapper\"><div class=\"wpb_text_column us_custom_0b9bf1be\"><div class=\"wpb_wrapper\"><p><strong>Directeur de Soziolinguistika Klusterra<\/strong><br \/>\nImanol Larrea<br \/>\nSECR\u00c9TAIRE<\/p>\n<\/div><\/div><\/div><\/div><\/div><\/div><\/div><\/section>\n","protected":false},"excerpt":{"rendered":"AEK Repr\u00e9sentante\u00a0: Mertxe Mugika PR\u00c9SIDENTE Euskaltzaleen Topagunea Repr\u00e9sentante : Jasone Mendizabal VICE-PR\u00c9SIDENTE Elhuyar Aholkularitza Repr\u00e9sentante : Helene Armentia TR\u00c9SORI\u00c8RE Eusko Ikaskuntza Repr\u00e9sentant: Ibon Manterola Artez Euskara Zerbitzua Repr\u00e9sentante\u00a0: Esti\u00f1e Astorkia Gipuzkoako Urtxintxa Eskola Repr\u00e9sentante\u00a0: Maite Asensio Emun Kooperatiba Elkartea Repr\u00e9sentante\u00a0: Anaida Agirre Universit\u00e9 de Mondragon. Facult\u00e9 des Sciences humaines et des Sciences de l\u2019\u00c9ducation Repr\u00e9sentante\u00a0:...","protected":false},"author":1,"featured_media":0,"parent":14799,"menu_order":4,"comment_status":"closed","ping_status":"closed","template":"","meta":{"_acf_changed":false,"footnotes":""},"class_list":["post-14852","page","type-page","status-publish","hentry"],"acf":[],"yoast_head":"<!-- This site is optimized with the Yoast SEO plugin v26.7 - https:\/\/yoast.com\/wordpress\/plugins\/seo\/ -->\n<title>Comit\u00e9 de direction - Soziolinguistika Klusterra<\/title>\n<meta name=\"robots\" content=\"index, follow, max-snippet:-1, max-image-preview:large, max-video-preview:-1\" \/>\n<link rel=\"canonical\" href=\"https:\/\/soziolinguistika.eus\/fr\/qui-sommes-nous\/zuzendaritza\/\" \/>\n<meta property=\"og:locale\" content=\"fr_FR\" \/>\n<meta property=\"og:type\" content=\"article\" \/>\n<meta property=\"og:title\" content=\"Comit\u00e9 de direction - Soziolinguistika Klusterra\" \/>\n<meta property=\"og:url\" content=\"https:\/\/soziolinguistika.eus\/fr\/qui-sommes-nous\/zuzendaritza\/\" \/>\n<meta property=\"og:site_name\" content=\"Soziolinguistika Klusterra\" \/>\n<meta property=\"article:modified_time\" content=\"2022-09-30T12:59:39+00:00\" \/>\n<meta name=\"twitter:card\" content=\"summary_large_image\" \/>\n<meta name=\"twitter:label1\" content=\"Dur\u00e9e de lecture estim\u00e9e\" \/>\n\t<meta name=\"twitter:data1\" content=\"1 minute\" \/>\n<script type=\"application\/ld+json\" class=\"yoast-schema-graph\">{\"@context\":\"https:\/\/schema.org\",\"@graph\":[{\"@type\":\"WebPage\",\"@id\":\"https:\/\/soziolinguistika.eus\/fr\/qui-sommes-nous\/zuzendaritza\/\",\"url\":\"https:\/\/soziolinguistika.eus\/fr\/qui-sommes-nous\/zuzendaritza\/\",\"name\":\"Comit\u00e9 de direction - Soziolinguistika Klusterra\",\"isPartOf\":{\"@id\":\"https:\/\/soziolinguistika.eus\/fr\/#website\"},\"datePublished\":\"2020-02-14T07:36:54+00:00\",\"dateModified\":\"2022-09-30T12:59:39+00:00\",\"breadcrumb\":{\"@id\":\"https:\/\/soziolinguistika.eus\/fr\/qui-sommes-nous\/zuzendaritza\/#breadcrumb\"},\"inLanguage\":\"fr-FR\",\"potentialAction\":[{\"@type\":\"ReadAction\",\"target\":[\"https:\/\/soziolinguistika.eus\/fr\/qui-sommes-nous\/zuzendaritza\/\"]}]},{\"@type\":\"BreadcrumbList\",\"@id\":\"https:\/\/soziolinguistika.eus\/fr\/qui-sommes-nous\/zuzendaritza\/#breadcrumb\",\"itemListElement\":[{\"@type\":\"ListItem\",\"position\":1,\"name\":\"Soziolinguistika klusterra\",\"item\":\"https:\/\/soziolinguistika.eus\/fr\/\"},{\"@type\":\"ListItem\",\"position\":2,\"name\":\"Qui sommes nous\",\"item\":\"https:\/\/soziolinguistika.eus\/fr\/qui-sommes-nous\/\"},{\"@type\":\"ListItem\",\"position\":3,\"name\":\"Comit\u00e9 de direction\"}]},{\"@type\":\"WebSite\",\"@id\":\"https:\/\/soziolinguistika.eus\/fr\/#website\",\"url\":\"https:\/\/soziolinguistika.eus\/fr\/\",\"name\":\"Soziolinguistika Klusterra\",\"description\":\"Euskara biziberritzeko ikergunea\",\"potentialAction\":[{\"@type\":\"SearchAction\",\"target\":{\"@type\":\"EntryPoint\",\"urlTemplate\":\"https:\/\/soziolinguistika.eus\/fr\/?s={search_term_string}\"},\"query-input\":{\"@type\":\"PropertyValueSpecification\",\"valueRequired\":true,\"valueName\":\"search_term_string\"}}],\"inLanguage\":\"fr-FR\"}]}<\/script>\n<!-- \/ Yoast SEO plugin. -->","yoast_head_json":{"title":"Comit\u00e9 de direction - Soziolinguistika Klusterra","robots":{"index":"index","follow":"follow","max-snippet":"max-snippet:-1","max-image-preview":"max-image-preview:large","max-video-preview":"max-video-preview:-1"},"canonical":"https:\/\/soziolinguistika.eus\/fr\/qui-sommes-nous\/zuzendaritza\/","og_locale":"fr_FR","og_type":"article","og_title":"Comit\u00e9 de direction - Soziolinguistika Klusterra","og_url":"https:\/\/soziolinguistika.eus\/fr\/qui-sommes-nous\/zuzendaritza\/","og_site_name":"Soziolinguistika Klusterra","article_modified_time":"2022-09-30T12:59:39+00:00","twitter_card":"summary_large_image","twitter_misc":{"Dur\u00e9e de lecture estim\u00e9e":"1 minute"},"schema":{"@context":"https:\/\/schema.org","@graph":[{"@type":"WebPage","@id":"https:\/\/soziolinguistika.eus\/fr\/qui-sommes-nous\/zuzendaritza\/","url":"https:\/\/soziolinguistika.eus\/fr\/qui-sommes-nous\/zuzendaritza\/","name":"Comit\u00e9 de direction - Soziolinguistika Klusterra","isPartOf":{"@id":"https:\/\/soziolinguistika.eus\/fr\/#website"},"datePublished":"2020-02-14T07:36:54+00:00","dateModified":"2022-09-30T12:59:39+00:00","breadcrumb":{"@id":"https:\/\/soziolinguistika.eus\/fr\/qui-sommes-nous\/zuzendaritza\/#breadcrumb"},"inLanguage":"fr-FR","potentialAction":[{"@type":"ReadAction","target":["https:\/\/soziolinguistika.eus\/fr\/qui-sommes-nous\/zuzendaritza\/"]}]},{"@type":"BreadcrumbList","@id":"https:\/\/soziolinguistika.eus\/fr\/qui-sommes-nous\/zuzendaritza\/#breadcrumb","itemListElement":[{"@type":"ListItem","position":1,"name":"Soziolinguistika klusterra","item":"https:\/\/soziolinguistika.eus\/fr\/"},{"@type":"ListItem","position":2,"name":"Qui sommes nous","item":"https:\/\/soziolinguistika.eus\/fr\/qui-sommes-nous\/"},{"@type":"ListItem","position":3,"name":"Comit\u00e9 de direction"}]},{"@type":"WebSite","@id":"https:\/\/soziolinguistika.eus\/fr\/#website","url":"https:\/\/soziolinguistika.eus\/fr\/","name":"Soziolinguistika Klusterra","description":"Euskara biziberritzeko ikergunea","potentialAction":[{"@type":"SearchAction","target":{"@type":"EntryPoint","urlTemplate":"https:\/\/soziolinguistika.eus\/fr\/?s={search_term_string}"},"query-input":{"@type":"PropertyValueSpecification","valueRequired":true,"valueName":"search_term_string"}}],"inLanguage":"fr-FR"}]}},"_links":{"self":[{"href":"https:\/\/soziolinguistika.eus\/fr\/wp-json\/wp\/v2\/pages\/14852","targetHints":{"allow":["GET"]}}],"collection":[{"href":"https:\/\/soziolinguistika.eus\/fr\/wp-json\/wp\/v2\/pages"}],"about":[{"href":"https:\/\/soziolinguistika.eus\/fr\/wp-json\/wp\/v2\/types\/page"}],"author":[{"embeddable":true,"href":"https:\/\/soziolinguistika.eus\/fr\/wp-json\/wp\/v2\/users\/1"}],"replies":[{"embeddable":true,"href":"https:\/\/soziolinguistika.eus\/fr\/wp-json\/wp\/v2\/comments?post=14852"}],"version-history":[{"count":9,"href":"https:\/\/soziolinguistika.eus\/fr\/wp-json\/wp\/v2\/pages\/14852\/revisions"}],"predecessor-version":[{"id":26435,"href":"https:\/\/soziolinguistika.eus\/fr\/wp-json\/wp\/v2\/pages\/14852\/revisions\/26435"}],"up":[{"embeddable":true,"href":"https:\/\/soziolinguistika.eus\/fr\/wp-json\/wp\/v2\/pages\/14799"}],"wp:attachment":[{"href":"https:\/\/soziolinguistika.eus\/fr\/wp-json\/wp\/v2\/media?parent=14852"}],"curies":[{"name":"wp","href":"https:\/\/api.w.org\/{rel}","templated":true}]}}