{"id":14863,"date":"2020-02-14T08:36:01","date_gmt":"2020-02-14T07:36:01","guid":{"rendered":"https:\/\/soziolinguistika.eus\/nor-gara\/hausnarketa-estrategikoa\/"},"modified":"2021-04-12T08:58:45","modified_gmt":"2021-04-12T07:58:45","slug":"hausnarketa-estrategikoa","status":"publish","type":"page","link":"https:\/\/soziolinguistika.eus\/fr\/qui-sommes-nous\/hausnarketa-estrategikoa\/","title":{"rendered":"R\u00e9flexion strat\u00e9gique"},"content":{"rendered":"<section class=\"l-section wpb_row height_medium\"><div class=\"l-section-h i-cf\"><div class=\"g-cols vc_row via_flex valign_top type_default stacking_default\"><div class=\"vc_col-sm-12 wpb_column vc_column_container\"><div class=\"vc_column-inner\"><div class=\"wpb_wrapper\"><div class=\"w-image style_shadow-1 align_center\"><div class=\"w-image-h\"><img decoding=\"async\" width=\"1920\" height=\"758\" src=\"https:\/\/soziolinguistika.eus\/wp-content\/uploads\/2021\/03\/Hausnarketa-estrategikoa.jpg\" class=\"attachment-full size-full\" alt=\"\" loading=\"lazy\" srcset=\"https:\/\/soziolinguistika.eus\/wp-content\/uploads\/2021\/03\/Hausnarketa-estrategikoa.jpg 1920w, https:\/\/soziolinguistika.eus\/wp-content\/uploads\/2021\/03\/Hausnarketa-estrategikoa-300x118.jpg 300w, https:\/\/soziolinguistika.eus\/wp-content\/uploads\/2021\/03\/Hausnarketa-estrategikoa-1024x404.jpg 1024w\" sizes=\"auto, (max-width: 1920px) 100vw, 1920px\" \/><\/div><\/div><div class=\"w-separator size_small\"><\/div><div class=\"wpb_text_column\"><div class=\"wpb_wrapper\"><p>Le processus de r\u00e9flexion pour l\u2019\u00e9laboration du Plan strat\u00e9gique\u00a02020-2023 de Soziolinguistika Klusterra a commenc\u00e9 \u00e0 la fin de l\u2019ann\u00e9e\u00a02019 et pris fin en juin\u00a02020, apr\u00e8s avoir \u00e9t\u00e9 approuv\u00e9 \u00e0 l\u2019Assembl\u00e9e g\u00e9n\u00e9rale de l\u2019entit\u00e9.<\/p>\n<p>Le confinement \u00e9tabli entre mars et juin pour r\u00e9pondre \u00e0 l\u2019urgence sanitaire provoqu\u00e9e par la COVID-19 a eu une grande incidence sur le processus et sur la situation socio-\u00e9conomique. L&rsquo;incertitude habituelle actuelle s\u2019est renforc\u00e9e, et nous a fait douter quant \u00e0 la n\u00e9cessit\u00e9 et l\u2019opportunit\u00e9 du plan strat\u00e9gique. Nous avons d\u00e9cid\u00e9 d&rsquo;avancer. En effet, le Plan strat\u00e9gique est un outil dynamique et il sera plus important que jamais de s&rsquo;adapter progressivement aux circonstances.<\/p>\n<\/div><\/div><div class=\"w-separator size_small\"><\/div><\/div><\/div><\/div><\/div><\/div><\/section><section class=\"l-section wpb_row height_medium\"><div class=\"l-section-h i-cf\"><div class=\"g-cols vc_row via_flex valign_top type_default stacking_default\"><div class=\"vc_col-sm-12 wpb_column vc_column_container\"><div class=\"vc_column-inner\"><div class=\"wpb_wrapper\">[vc_custom_heading text=\u00a0\u00bbLignes et objectifs strat\u00e9giques pour la p\u00e9riode\u00a02020-2023&Prime; font_container=\u00a0\u00bbtag:h3|text_align:left\u00a0\u00bb use_theme_fonts=\u00a0\u00bbyes\u00a0\u00bb]<div class=\"wpb_text_column\"><div class=\"wpb_wrapper\"><p><strong>Ligne strat\u00e9gique\u00a01\u00a0: recherche de l\u2019excellence<\/strong><\/p>\n<ul>\n<li>Garantir l\u2019utilisation de crit\u00e8res et de m\u00e9thodes scientifiques \u00e0 jour.<\/li>\n<li>Tendre vers l\u2019am\u00e9lioration en termes de qualit\u00e9 des r\u00e9sultats, en ayant des r\u00e9percussions sur le d\u00e9veloppement des personnes et sur l\u2019innovation des processus.<\/li>\n<\/ul>\n<p><strong>Ligne strat\u00e9gique\u00a02\u00a0: clarifier la propre fonction de l&rsquo;organisation<\/strong><\/p>\n<ul>\n<li>R\u00e9f\u00e9rentialit\u00e9, remplir des fonctions claires et reconnues\u00a0: identifier ce qui rend Soziolinguistika Klusterra singuli\u00e8re\/unique, pour que sa fonction soit reconnue par tous les groupes d&rsquo;int\u00e9r\u00eat et financ\u00e9e par les personnes concern\u00e9es.<\/li>\n<\/ul>\n<p><strong>Ligne strat\u00e9gique\u00a03\u00a0: mise \u00e0 jour de l\u2019architecture de l&rsquo;organisation<\/strong><\/p>\n<ul>\n<li>Identifier les groupes d&rsquo;int\u00e9r\u00eat de l&rsquo;organisation, en d\u00e9terminant le lieu et la participation de chacun d\u2019entre eux.<\/li>\n<li>Renforcer les liens avec le domaine universitaire, en progressant dans l\u2019exploitation et l\u2019optimisation des synergies entre les personnes d\u00e9di\u00e9es \u00e0 la recherche sociolinguistique.<\/li>\n<\/ul>\n<p><strong>Ligne strat\u00e9gique\u00a04\u00a0: consolidation du financement<\/strong><\/p>\n<ul>\n<li>\u00c9viter d\u2019\u00e9ventuels retards li\u00e9s \u00e0 la crise \u00e9conomique pr\u00e9vue.<\/li>\n<li>D\u00e9velopper les moyens de financement structurel correspondant \u00e0 la contribution de l\u2019entit\u00e9 \u00e0 la revitalisation de l\u2019euskera dans l\u2019exercice de ses propres fonctions.<\/li>\n<li>Analyse et recherche de nouveaux moyens de financement.<\/li>\n<\/ul>\n<p><strong>Ligne strat\u00e9gique\u00a05\u00a0: renforcement de l\u2019impact<\/strong><\/p>\n<ul>\n<li>Syst\u00e9matiser et am\u00e9liorer le travail de communication des projets en r\u00e9visant, entre autres, les crit\u00e8res de publication.<\/li>\n<li>Intensifier l&rsquo;interaction avec des centres de recherche et des agents internationaux.<\/li>\n<li>\u00c9tablir des canaux pour garantir la pr\u00e9sence et l\u2019incidence sur l\u2019ensemble du territoire d\u2019Euskal Herria\u00a0: diffusion, \u00e9v\u00e9nements, contacts\u2026<\/li>\n<\/ul>\n<\/div><\/div><\/div><\/div><\/div><\/div><\/div><\/section>\n","protected":false},"excerpt":{"rendered":"Le processus de r\u00e9flexion pour l\u2019\u00e9laboration du Plan strat\u00e9gique\u00a02020-2023 de Soziolinguistika Klusterra a commenc\u00e9 \u00e0 la fin de l\u2019ann\u00e9e\u00a02019 et pris fin en juin\u00a02020, apr\u00e8s avoir \u00e9t\u00e9 approuv\u00e9 \u00e0 l\u2019Assembl\u00e9e g\u00e9n\u00e9rale de l\u2019entit\u00e9. Le confinement \u00e9tabli entre mars et juin pour r\u00e9pondre \u00e0 l\u2019urgence sanitaire provoqu\u00e9e par la COVID-19 a eu une grande incidence sur...","protected":false},"author":1,"featured_media":0,"parent":14799,"menu_order":2,"comment_status":"closed","ping_status":"closed","template":"","meta":{"_acf_changed":false,"footnotes":""},"class_list":["post-14863","page","type-page","status-publish","hentry"],"acf":[],"yoast_head":"<!-- This site is optimized with the Yoast SEO plugin v27.3 - https:\/\/yoast.com\/product\/yoast-seo-wordpress\/ -->\n<title>R\u00e9flexion strat\u00e9gique - Soziolinguistika Klusterra<\/title>\n<meta name=\"robots\" content=\"index, follow, max-snippet:-1, max-image-preview:large, max-video-preview:-1\" \/>\n<link rel=\"canonical\" href=\"https:\/\/soziolinguistika.eus\/fr\/qui-sommes-nous\/hausnarketa-estrategikoa\/\" \/>\n<meta property=\"og:locale\" content=\"fr_FR\" \/>\n<meta property=\"og:type\" content=\"article\" \/>\n<meta property=\"og:title\" content=\"R\u00e9flexion strat\u00e9gique - Soziolinguistika Klusterra\" \/>\n<meta property=\"og:url\" content=\"https:\/\/soziolinguistika.eus\/fr\/qui-sommes-nous\/hausnarketa-estrategikoa\/\" \/>\n<meta property=\"og:site_name\" content=\"Soziolinguistika Klusterra\" \/>\n<meta property=\"article:modified_time\" content=\"2021-04-12T07:58:45+00:00\" \/>\n<meta name=\"twitter:card\" content=\"summary_large_image\" \/>\n<meta name=\"twitter:label1\" content=\"Dur\u00e9e de lecture estim\u00e9e\" \/>\n\t<meta name=\"twitter:data1\" content=\"2 minutes\" \/>\n<script type=\"application\/ld+json\" class=\"yoast-schema-graph\">{\"@context\":\"https:\\\/\\\/schema.org\",\"@graph\":[{\"@type\":\"WebPage\",\"@id\":\"https:\\\/\\\/soziolinguistika.eus\\\/fr\\\/qui-sommes-nous\\\/hausnarketa-estrategikoa\\\/\",\"url\":\"https:\\\/\\\/soziolinguistika.eus\\\/fr\\\/qui-sommes-nous\\\/hausnarketa-estrategikoa\\\/\",\"name\":\"R\u00e9flexion strat\u00e9gique - Soziolinguistika Klusterra\",\"isPartOf\":{\"@id\":\"https:\\\/\\\/soziolinguistika.eus\\\/fr\\\/#website\"},\"datePublished\":\"2020-02-14T07:36:01+00:00\",\"dateModified\":\"2021-04-12T07:58:45+00:00\",\"breadcrumb\":{\"@id\":\"https:\\\/\\\/soziolinguistika.eus\\\/fr\\\/qui-sommes-nous\\\/hausnarketa-estrategikoa\\\/#breadcrumb\"},\"inLanguage\":\"fr-FR\",\"potentialAction\":[{\"@type\":\"ReadAction\",\"target\":[\"https:\\\/\\\/soziolinguistika.eus\\\/fr\\\/qui-sommes-nous\\\/hausnarketa-estrategikoa\\\/\"]}]},{\"@type\":\"BreadcrumbList\",\"@id\":\"https:\\\/\\\/soziolinguistika.eus\\\/fr\\\/qui-sommes-nous\\\/hausnarketa-estrategikoa\\\/#breadcrumb\",\"itemListElement\":[{\"@type\":\"ListItem\",\"position\":1,\"name\":\"Soziolinguistika klusterra\",\"item\":\"https:\\\/\\\/soziolinguistika.eus\\\/fr\\\/\"},{\"@type\":\"ListItem\",\"position\":2,\"name\":\"Qui sommes nous\",\"item\":\"https:\\\/\\\/soziolinguistika.eus\\\/fr\\\/qui-sommes-nous\\\/\"},{\"@type\":\"ListItem\",\"position\":3,\"name\":\"R\u00e9flexion strat\u00e9gique\"}]},{\"@type\":\"WebSite\",\"@id\":\"https:\\\/\\\/soziolinguistika.eus\\\/fr\\\/#website\",\"url\":\"https:\\\/\\\/soziolinguistika.eus\\\/fr\\\/\",\"name\":\"Soziolinguistika Klusterra\",\"description\":\"Euskara biziberritzeko ikergunea\",\"potentialAction\":[{\"@type\":\"SearchAction\",\"target\":{\"@type\":\"EntryPoint\",\"urlTemplate\":\"https:\\\/\\\/soziolinguistika.eus\\\/fr\\\/?s={search_term_string}\"},\"query-input\":{\"@type\":\"PropertyValueSpecification\",\"valueRequired\":true,\"valueName\":\"search_term_string\"}}],\"inLanguage\":\"fr-FR\"}]}<\/script>\n<!-- \/ Yoast SEO plugin. -->","yoast_head_json":{"title":"R\u00e9flexion strat\u00e9gique - Soziolinguistika Klusterra","robots":{"index":"index","follow":"follow","max-snippet":"max-snippet:-1","max-image-preview":"max-image-preview:large","max-video-preview":"max-video-preview:-1"},"canonical":"https:\/\/soziolinguistika.eus\/fr\/qui-sommes-nous\/hausnarketa-estrategikoa\/","og_locale":"fr_FR","og_type":"article","og_title":"R\u00e9flexion strat\u00e9gique - Soziolinguistika Klusterra","og_url":"https:\/\/soziolinguistika.eus\/fr\/qui-sommes-nous\/hausnarketa-estrategikoa\/","og_site_name":"Soziolinguistika Klusterra","article_modified_time":"2021-04-12T07:58:45+00:00","twitter_card":"summary_large_image","twitter_misc":{"Dur\u00e9e de lecture estim\u00e9e":"2 minutes"},"schema":{"@context":"https:\/\/schema.org","@graph":[{"@type":"WebPage","@id":"https:\/\/soziolinguistika.eus\/fr\/qui-sommes-nous\/hausnarketa-estrategikoa\/","url":"https:\/\/soziolinguistika.eus\/fr\/qui-sommes-nous\/hausnarketa-estrategikoa\/","name":"R\u00e9flexion strat\u00e9gique - Soziolinguistika Klusterra","isPartOf":{"@id":"https:\/\/soziolinguistika.eus\/fr\/#website"},"datePublished":"2020-02-14T07:36:01+00:00","dateModified":"2021-04-12T07:58:45+00:00","breadcrumb":{"@id":"https:\/\/soziolinguistika.eus\/fr\/qui-sommes-nous\/hausnarketa-estrategikoa\/#breadcrumb"},"inLanguage":"fr-FR","potentialAction":[{"@type":"ReadAction","target":["https:\/\/soziolinguistika.eus\/fr\/qui-sommes-nous\/hausnarketa-estrategikoa\/"]}]},{"@type":"BreadcrumbList","@id":"https:\/\/soziolinguistika.eus\/fr\/qui-sommes-nous\/hausnarketa-estrategikoa\/#breadcrumb","itemListElement":[{"@type":"ListItem","position":1,"name":"Soziolinguistika klusterra","item":"https:\/\/soziolinguistika.eus\/fr\/"},{"@type":"ListItem","position":2,"name":"Qui sommes nous","item":"https:\/\/soziolinguistika.eus\/fr\/qui-sommes-nous\/"},{"@type":"ListItem","position":3,"name":"R\u00e9flexion strat\u00e9gique"}]},{"@type":"WebSite","@id":"https:\/\/soziolinguistika.eus\/fr\/#website","url":"https:\/\/soziolinguistika.eus\/fr\/","name":"Soziolinguistika Klusterra","description":"Euskara biziberritzeko ikergunea","potentialAction":[{"@type":"SearchAction","target":{"@type":"EntryPoint","urlTemplate":"https:\/\/soziolinguistika.eus\/fr\/?s={search_term_string}"},"query-input":{"@type":"PropertyValueSpecification","valueRequired":true,"valueName":"search_term_string"}}],"inLanguage":"fr-FR"}]}},"_links":{"self":[{"href":"https:\/\/soziolinguistika.eus\/fr\/wp-json\/wp\/v2\/pages\/14863","targetHints":{"allow":["GET"]}}],"collection":[{"href":"https:\/\/soziolinguistika.eus\/fr\/wp-json\/wp\/v2\/pages"}],"about":[{"href":"https:\/\/soziolinguistika.eus\/fr\/wp-json\/wp\/v2\/types\/page"}],"author":[{"embeddable":true,"href":"https:\/\/soziolinguistika.eus\/fr\/wp-json\/wp\/v2\/users\/1"}],"replies":[{"embeddable":true,"href":"https:\/\/soziolinguistika.eus\/fr\/wp-json\/wp\/v2\/comments?post=14863"}],"version-history":[{"count":9,"href":"https:\/\/soziolinguistika.eus\/fr\/wp-json\/wp\/v2\/pages\/14863\/revisions"}],"predecessor-version":[{"id":18904,"href":"https:\/\/soziolinguistika.eus\/fr\/wp-json\/wp\/v2\/pages\/14863\/revisions\/18904"}],"up":[{"embeddable":true,"href":"https:\/\/soziolinguistika.eus\/fr\/wp-json\/wp\/v2\/pages\/14799"}],"wp:attachment":[{"href":"https:\/\/soziolinguistika.eus\/fr\/wp-json\/wp\/v2\/media?parent=14863"}],"curies":[{"name":"wp","href":"https:\/\/api.w.org\/{rel}","templated":true}]}}