{"id":14866,"date":"2020-02-14T08:28:31","date_gmt":"2020-02-14T07:28:31","guid":{"rendered":"https:\/\/soziolinguistika.eus\/nor-gara\/aurkezpena\/"},"modified":"2021-04-21T09:39:10","modified_gmt":"2021-04-21T08:39:10","slug":"presentation","status":"publish","type":"page","link":"https:\/\/soziolinguistika.eus\/fr\/qui-sommes-nous\/presentation\/","title":{"rendered":"Pr\u00e9sentation"},"content":{"rendered":"<section class=\"l-section wpb_row height_medium\"><div class=\"l-section-h i-cf\"><div class=\"g-cols vc_row via_flex valign_top type_default stacking_default\"><div class=\"vc_col-sm-12 wpb_column vc_column_container\"><div class=\"vc_column-inner\"><div class=\"wpb_wrapper\"><div class=\"wpb_text_column\"><div class=\"wpb_wrapper\"><h2><strong>Mission<\/strong><\/h2>\n<p>L&rsquo;objectif de Soziolinguistika Klusterra est de cr\u00e9er et de g\u00e9rer la connaissance sociolinguistique pour r\u00e9pondre aux besoins du processus de revitalisation de l\u2019euskera.<\/p>\n<p>Son objectif est d\u2019utiliser et d&rsquo;accro\u00eetre les comp\u00e9tences sociolinguistiques des agents impliqu\u00e9s.<\/p>\n<p>Pour ce faire, l\u2019organisation d\u00e9veloppe des projets en collaboration, en construisant des ponts entre la connaissance th\u00e9orique et le domaine appliqu\u00e9.<\/p>\n<h2><strong>Vision<\/strong><\/h2>\n<p>Soziolinguistika Klusterra vise \u00e0 \u00eatre un centre de recherche de r\u00e9f\u00e9rence de la revitalisation de l\u2019euskera, en assumant le r\u00f4le d&rsquo;agent dans le processus de r\u00e9cup\u00e9ration et de normalisation de l\u2019euskera, et en encourageant l&rsquo;innovation.<\/p>\n<h2><strong>Valeurs<\/strong><\/h2>\n<p><strong>Caract\u00e8re scientifique\u00a0:<\/strong> elle agit avec rigueur sur la base de la m\u00e9thode scientifique, ce qui lui conf\u00e8re une l\u00e9gitimit\u00e9 pour agir avec autonomie par rapport \u00e0 d&rsquo;autres agents.<\/p>\n<p><strong>Collaboration\u00a0:<\/strong> elle se base sur la compl\u00e9mentarit\u00e9 et la collaboration pour d\u00e9velopper des synergies et augmenter la valeur ajout\u00e9e des projets et initiatives. Pour ce faire, elle donne la priorit\u00e9 aux projets de coop\u00e9ration dans le cadre de l\u2019innovation ouverte.<\/p>\n<p><strong>Responsabilit\u00e9 sociale\u00a0:<\/strong> sa raison d\u2019\u00eatre est de progresser dans le d\u00e9fi de la revitalisation de l\u2019euskera. Elle diffusera en toute transparence les r\u00e9sultats des projets r\u00e9alis\u00e9s. De plus, elle garantira une soci\u00e9t\u00e9 plus \u00e9galitaire sur des sujets tels que l\u2019\u00e9galit\u00e9 des sexes, la durabilit\u00e9 et la lutte contre les discriminations.<\/p>\n<p><strong>Territorialit\u00e9\u00a0:<\/strong> elle a pour vocation d&rsquo;agir sur tous les territoires de l\u2019euskera.<\/p>\n<\/div><\/div><div class=\"w-separator size_small\"><\/div>[vc_custom_heading text=\u00a0\u00bbRapport annuel 2020 &#091;EUS&#093;\u00a0\u00bb font_container=\u00a0\u00bbtag:h3|text_align:center\u00a0\u00bb use_theme_fonts=\u00a0\u00bbyes\u00a0\u00bb]<div class=\"w-image align_center\"><a href=\"https:\/\/soziolinguistika.eus\/wp-content\/uploads\/2021\/03\/URTEKO-TXOSTENA-2020.pdf\" aria-label=\"URTEKO-TXOSTENA-2020\" class=\"w-image-h\"><img decoding=\"async\" width=\"222\" height=\"300\" src=\"https:\/\/soziolinguistika.eus\/wp-content\/uploads\/2021\/03\/URTEKO-TXOSTENA-2020-222x300.jpg\" class=\"attachment-medium size-medium\" alt=\"\" loading=\"lazy\" srcset=\"https:\/\/soziolinguistika.eus\/wp-content\/uploads\/2021\/03\/URTEKO-TXOSTENA-2020-222x300.jpg 222w, https:\/\/soziolinguistika.eus\/wp-content\/uploads\/2021\/03\/URTEKO-TXOSTENA-2020.jpg 758w\" sizes=\"auto, (max-width: 222px) 100vw, 222px\" \/><\/a><\/div><\/div><\/div><\/div><\/div><\/div><\/section>\n","protected":false},"excerpt":{"rendered":"Mission L&rsquo;objectif de Soziolinguistika Klusterra est de cr\u00e9er et de g\u00e9rer la connaissance sociolinguistique pour r\u00e9pondre aux besoins du processus de revitalisation de l\u2019euskera. Son objectif est d\u2019utiliser et d&rsquo;accro\u00eetre les comp\u00e9tences sociolinguistiques des agents impliqu\u00e9s. Pour ce faire, l\u2019organisation d\u00e9veloppe des projets en collaboration, en construisant des ponts entre la connaissance th\u00e9orique et le...","protected":false},"author":1,"featured_media":0,"parent":14799,"menu_order":1,"comment_status":"closed","ping_status":"closed","template":"","meta":{"_acf_changed":false,"footnotes":""},"class_list":["post-14866","page","type-page","status-publish","hentry"],"acf":[],"yoast_head":"<!-- This site is optimized with the Yoast SEO plugin v27.3 - https:\/\/yoast.com\/product\/yoast-seo-wordpress\/ -->\n<title>Pr\u00e9sentation - Soziolinguistika Klusterra<\/title>\n<meta name=\"robots\" content=\"index, follow, max-snippet:-1, max-image-preview:large, max-video-preview:-1\" \/>\n<link rel=\"canonical\" href=\"https:\/\/soziolinguistika.eus\/fr\/qui-sommes-nous\/presentation\/\" \/>\n<meta property=\"og:locale\" content=\"fr_FR\" \/>\n<meta property=\"og:type\" content=\"article\" \/>\n<meta property=\"og:title\" content=\"Pr\u00e9sentation - Soziolinguistika Klusterra\" \/>\n<meta property=\"og:url\" content=\"https:\/\/soziolinguistika.eus\/fr\/qui-sommes-nous\/presentation\/\" \/>\n<meta property=\"og:site_name\" content=\"Soziolinguistika Klusterra\" \/>\n<meta property=\"article:modified_time\" content=\"2021-04-21T08:39:10+00:00\" \/>\n<meta name=\"twitter:card\" content=\"summary_large_image\" \/>\n<meta name=\"twitter:label1\" content=\"Dur\u00e9e de lecture estim\u00e9e\" \/>\n\t<meta name=\"twitter:data1\" content=\"1 minute\" \/>\n<script type=\"application\/ld+json\" class=\"yoast-schema-graph\">{\"@context\":\"https:\\\/\\\/schema.org\",\"@graph\":[{\"@type\":\"WebPage\",\"@id\":\"https:\\\/\\\/soziolinguistika.eus\\\/fr\\\/qui-sommes-nous\\\/presentation\\\/\",\"url\":\"https:\\\/\\\/soziolinguistika.eus\\\/fr\\\/qui-sommes-nous\\\/presentation\\\/\",\"name\":\"Pr\u00e9sentation - Soziolinguistika Klusterra\",\"isPartOf\":{\"@id\":\"https:\\\/\\\/soziolinguistika.eus\\\/fr\\\/#website\"},\"datePublished\":\"2020-02-14T07:28:31+00:00\",\"dateModified\":\"2021-04-21T08:39:10+00:00\",\"breadcrumb\":{\"@id\":\"https:\\\/\\\/soziolinguistika.eus\\\/fr\\\/qui-sommes-nous\\\/presentation\\\/#breadcrumb\"},\"inLanguage\":\"fr-FR\",\"potentialAction\":[{\"@type\":\"ReadAction\",\"target\":[\"https:\\\/\\\/soziolinguistika.eus\\\/fr\\\/qui-sommes-nous\\\/presentation\\\/\"]}]},{\"@type\":\"BreadcrumbList\",\"@id\":\"https:\\\/\\\/soziolinguistika.eus\\\/fr\\\/qui-sommes-nous\\\/presentation\\\/#breadcrumb\",\"itemListElement\":[{\"@type\":\"ListItem\",\"position\":1,\"name\":\"Soziolinguistika klusterra\",\"item\":\"https:\\\/\\\/soziolinguistika.eus\\\/fr\\\/\"},{\"@type\":\"ListItem\",\"position\":2,\"name\":\"Qui sommes nous\",\"item\":\"https:\\\/\\\/soziolinguistika.eus\\\/fr\\\/qui-sommes-nous\\\/\"},{\"@type\":\"ListItem\",\"position\":3,\"name\":\"Pr\u00e9sentation\"}]},{\"@type\":\"WebSite\",\"@id\":\"https:\\\/\\\/soziolinguistika.eus\\\/fr\\\/#website\",\"url\":\"https:\\\/\\\/soziolinguistika.eus\\\/fr\\\/\",\"name\":\"Soziolinguistika Klusterra\",\"description\":\"Euskara biziberritzeko ikergunea\",\"potentialAction\":[{\"@type\":\"SearchAction\",\"target\":{\"@type\":\"EntryPoint\",\"urlTemplate\":\"https:\\\/\\\/soziolinguistika.eus\\\/fr\\\/?s={search_term_string}\"},\"query-input\":{\"@type\":\"PropertyValueSpecification\",\"valueRequired\":true,\"valueName\":\"search_term_string\"}}],\"inLanguage\":\"fr-FR\"}]}<\/script>\n<!-- \/ Yoast SEO plugin. -->","yoast_head_json":{"title":"Pr\u00e9sentation - Soziolinguistika Klusterra","robots":{"index":"index","follow":"follow","max-snippet":"max-snippet:-1","max-image-preview":"max-image-preview:large","max-video-preview":"max-video-preview:-1"},"canonical":"https:\/\/soziolinguistika.eus\/fr\/qui-sommes-nous\/presentation\/","og_locale":"fr_FR","og_type":"article","og_title":"Pr\u00e9sentation - Soziolinguistika Klusterra","og_url":"https:\/\/soziolinguistika.eus\/fr\/qui-sommes-nous\/presentation\/","og_site_name":"Soziolinguistika Klusterra","article_modified_time":"2021-04-21T08:39:10+00:00","twitter_card":"summary_large_image","twitter_misc":{"Dur\u00e9e de lecture estim\u00e9e":"1 minute"},"schema":{"@context":"https:\/\/schema.org","@graph":[{"@type":"WebPage","@id":"https:\/\/soziolinguistika.eus\/fr\/qui-sommes-nous\/presentation\/","url":"https:\/\/soziolinguistika.eus\/fr\/qui-sommes-nous\/presentation\/","name":"Pr\u00e9sentation - Soziolinguistika Klusterra","isPartOf":{"@id":"https:\/\/soziolinguistika.eus\/fr\/#website"},"datePublished":"2020-02-14T07:28:31+00:00","dateModified":"2021-04-21T08:39:10+00:00","breadcrumb":{"@id":"https:\/\/soziolinguistika.eus\/fr\/qui-sommes-nous\/presentation\/#breadcrumb"},"inLanguage":"fr-FR","potentialAction":[{"@type":"ReadAction","target":["https:\/\/soziolinguistika.eus\/fr\/qui-sommes-nous\/presentation\/"]}]},{"@type":"BreadcrumbList","@id":"https:\/\/soziolinguistika.eus\/fr\/qui-sommes-nous\/presentation\/#breadcrumb","itemListElement":[{"@type":"ListItem","position":1,"name":"Soziolinguistika klusterra","item":"https:\/\/soziolinguistika.eus\/fr\/"},{"@type":"ListItem","position":2,"name":"Qui sommes nous","item":"https:\/\/soziolinguistika.eus\/fr\/qui-sommes-nous\/"},{"@type":"ListItem","position":3,"name":"Pr\u00e9sentation"}]},{"@type":"WebSite","@id":"https:\/\/soziolinguistika.eus\/fr\/#website","url":"https:\/\/soziolinguistika.eus\/fr\/","name":"Soziolinguistika Klusterra","description":"Euskara biziberritzeko ikergunea","potentialAction":[{"@type":"SearchAction","target":{"@type":"EntryPoint","urlTemplate":"https:\/\/soziolinguistika.eus\/fr\/?s={search_term_string}"},"query-input":{"@type":"PropertyValueSpecification","valueRequired":true,"valueName":"search_term_string"}}],"inLanguage":"fr-FR"}]}},"_links":{"self":[{"href":"https:\/\/soziolinguistika.eus\/fr\/wp-json\/wp\/v2\/pages\/14866","targetHints":{"allow":["GET"]}}],"collection":[{"href":"https:\/\/soziolinguistika.eus\/fr\/wp-json\/wp\/v2\/pages"}],"about":[{"href":"https:\/\/soziolinguistika.eus\/fr\/wp-json\/wp\/v2\/types\/page"}],"author":[{"embeddable":true,"href":"https:\/\/soziolinguistika.eus\/fr\/wp-json\/wp\/v2\/users\/1"}],"replies":[{"embeddable":true,"href":"https:\/\/soziolinguistika.eus\/fr\/wp-json\/wp\/v2\/comments?post=14866"}],"version-history":[{"count":7,"href":"https:\/\/soziolinguistika.eus\/fr\/wp-json\/wp\/v2\/pages\/14866\/revisions"}],"predecessor-version":[{"id":18899,"href":"https:\/\/soziolinguistika.eus\/fr\/wp-json\/wp\/v2\/pages\/14866\/revisions\/18899"}],"up":[{"embeddable":true,"href":"https:\/\/soziolinguistika.eus\/fr\/wp-json\/wp\/v2\/pages\/14799"}],"wp:attachment":[{"href":"https:\/\/soziolinguistika.eus\/fr\/wp-json\/wp\/v2\/media?parent=14866"}],"curies":[{"name":"wp","href":"https:\/\/api.w.org\/{rel}","templated":true}]}}