{"id":14896,"date":"2020-02-10T15:41:36","date_gmt":"2020-02-10T14:41:36","guid":{"rendered":"https:\/\/soziolinguistika.eus\/aktualitatea\/agenda\/"},"modified":"2021-03-30T13:17:34","modified_gmt":"2021-03-30T12:17:34","slug":"agenda","status":"publish","type":"page","link":"https:\/\/soziolinguistika.eus\/fr\/actualite\/agenda\/","title":{"rendered":"Agenda"},"content":{"rendered":"<section class=\"l-section wpb_row height_medium\"><div class=\"l-section-h i-cf\"><div class=\"g-cols vc_row via_flex valign_top type_default stacking_default\"><div class=\"vc_col-sm-12 wpb_column vc_column_container\"><div class=\"vc_column-inner\"><div class=\"wpb_wrapper\"><div class=\"mec-wrap mec-skin-list-container  \" id=\"mec_skin_13362\">\r\n\r\n    <form id=\"mec_search_form_13362\" class=\"mec-search-form mec-totalcal-box mec-dropdown-classic\" autocomplete=\"off\"><div class=\"mec-dropdown-wrap\" ><div class=\"mec-dropdown-search\"><i class=\"mec-sl-folder\"><\/i><select  name=' ' id='mec_sf_category_13362' class='postform'>\n\t<option value='' selected='selected'>Cat\u00e9gorie<\/option>\n<\/select>\n<\/div><\/div><div class=\"mec-text-input-search\"><i class=\"mec-sl-magnifier\"><\/i>\r\n                    <input type=\"search\" value=\"\" id=\"mec_sf_s_13362\" placeholder=\"Search\" title=\"Search\" \/>\r\n                <\/div><\/form>\r\n            <div class=\"mec-skin-list-events-container\" id=\"mec_skin_events_13362\">\r\n        <div class=\"mec-wrap colorskin-custom\">\r\n\t<div class=\"mec-event-list-minimal\">\r\n\t\t\r\n                        <div class=\"mec-month-divider\" data-toggle-divider=\"mec-toggle-202605-13362\"><h5 style=\"display: inline;\">mai 2026<\/h5><i class=\"mec-sl-arrow-down\"><\/i><\/div>\r\n            \r\n                        <article class=\"mec-event-article  mec-clear  mec-divider-toggle mec-toggle-202605-13362\" itemscope>\r\n                                                        <div class=\"col-md-9 col-sm-9\">\r\n                                                <div class=\"mec-event-date mec-bg-color\">\r\n                            <span>12<\/span>\r\n                            Mai                        <\/div>\r\n                        \r\n                                                <h4 class=\"mec-event-title\"><a class=\"mec-color-hover\" data-event-id=\"89716\" href=\"https:\/\/soziolinguistika.eus\/fr\/ekitaldiak\/euskararen-sozializazioari-eta-transmisioari-buruzko-mintegia\/\" target=\"_self\" rel=\"noopener\">Euskararen sozializazioari eta transmisioari buruzko mintegia<\/a><\/h4>\r\n                        <div class=\"mec-event-detail\">\r\n                            <span class=\"mec-day-wrapper\">mardi<\/span><span class=\"mec-comma-wrapper\">,<\/span> <span class=\"mec-event-loc-place\">Ipurua<\/span>                        <\/div>\r\n                                                                                                                                            <\/div>\r\n                    <div class=\"col-md-3 col-sm-3 btn-wrapper\"><a class=\"mec-detail-button\" data-event-id=\"89716\" href=\"https:\/\/soziolinguistika.eus\/fr\/ekitaldiak\/euskararen-sozializazioari-eta-transmisioari-buruzko-mintegia\/\" target=\"_self\" rel=\"noopener\">D\u00c9TAIL DE L&#039;\u00c9V\u00c9NEMENT<\/a><\/div>\r\n                            <\/article>\r\n            \t\t\r\n            \r\n                        <article class=\"mec-event-article  mec-clear  mec-divider-toggle mec-toggle-202605-13362\" itemscope>\r\n                                                        <div class=\"col-md-9 col-sm-9\">\r\n                                                <div class=\"mec-event-date mec-bg-color\">\r\n                            <span class=\"mec-multiple-dates\">21 - 22<\/span>\r\n                            Mai                        <\/div>\r\n                        \r\n                                                <h4 class=\"mec-event-title\"><a class=\"mec-color-hover\" data-event-id=\"89715\" href=\"https:\/\/soziolinguistika.eus\/fr\/ekitaldiak\/udaltop-justizia-linguistikoa\/\" target=\"_self\" rel=\"noopener\">Udaltop- Justizia linguistikoa<\/a><\/h4>\r\n                        <div class=\"mec-event-detail\">\r\n                            <span class=\"mec-day-wrapper\">jeudi<\/span>                        <\/div>\r\n                                                                                                                                            <\/div>\r\n                    <div class=\"col-md-3 col-sm-3 btn-wrapper\"><a class=\"mec-detail-button\" data-event-id=\"89715\" href=\"https:\/\/soziolinguistika.eus\/fr\/ekitaldiak\/udaltop-justizia-linguistikoa\/\" target=\"_self\" rel=\"noopener\">D\u00c9TAIL DE L&#039;\u00c9V\u00c9NEMENT<\/a><\/div>\r\n                            <\/article>\r\n            \t\t\r\n            \r\n                        <article class=\"mec-event-article  mec-clear  mec-divider-toggle mec-toggle-202605-13362\" itemscope>\r\n                                                        <div class=\"col-md-9 col-sm-9\">\r\n                                                <div class=\"mec-event-date mec-bg-color\">\r\n                            <span class=\"mec-multiple-dates\">27 - 28<\/span>\r\n                            Mai                        <\/div>\r\n                        \r\n                                                <h4 class=\"mec-event-title\"><a class=\"mec-color-hover\" data-event-id=\"89714\" href=\"https:\/\/soziolinguistika.eus\/fr\/ekitaldiak\/fosterlang-wp4-europako-hizkuntza-gutxituen-komunitateen-hizkuntza-kapitala-eta-iraunkortasuna\/\" target=\"_self\" rel=\"noopener\">FOSTERLANG. WP4 Europako hizkuntza gutxituen komunitateen hizkuntza-kapitala eta iraunkortasuna<\/a><\/h4>\r\n                        <div class=\"mec-event-detail\">\r\n                            <span class=\"mec-day-wrapper\">mercredi<\/span><span class=\"mec-comma-wrapper\">,<\/span> <span class=\"mec-event-loc-place\">Informatika fakultatea (EHU)<\/span>                        <\/div>\r\n                                                                                                                                            <\/div>\r\n                    <div class=\"col-md-3 col-sm-3 btn-wrapper\"><a class=\"mec-detail-button\" data-event-id=\"89714\" href=\"https:\/\/soziolinguistika.eus\/fr\/ekitaldiak\/fosterlang-wp4-europako-hizkuntza-gutxituen-komunitateen-hizkuntza-kapitala-eta-iraunkortasuna\/\" target=\"_self\" rel=\"noopener\">D\u00c9TAIL DE L&#039;\u00c9V\u00c9NEMENT<\/a><\/div>\r\n                            <\/article>\r\n            \t\t\t<\/div>\r\n<\/div>\r\n\r\n    <\/div>\r\n    <div class=\"mec-skin-list-no-events-container mec-util-hidden\" id=\"mec_skin_no_events_13362\">\r\n        Aucun \u00e9v\u00e9nement trouv\u00e9 !    <\/div>\r\n    \r\n    \r\n<\/div>\r\n<\/div><\/div><\/div><\/div><\/div><\/section>\n","protected":false},"excerpt":{"rendered":"Lekua: Donostia \u2013\u00a0EHUko Informatika Fakultatea Data: 2026ko maiatzaren 27tik 28ra Jardunaldi honek Europako hizkuntza-aniztasunaren erronkei aurre egiteko eta komunitate gutxituen hizkuntza kapitala indartzeko estrategiak garatuko ditu. Helburu horiek sakontzeaz gain, beren gizarte-onurak aktibatzeko bideo-landuko dute. Ekitaldia\u00a0Munduko Hizkuntza Ondarearen UNESCO Katedrak (EHU)\u00a0antolatu du. Jardunaldiak hitzaldiak, mahai-inguruak eta lan-saioak egongo dira, eta bertan hiru gai nagusi jorratuko...","protected":false},"author":1,"featured_media":0,"parent":14802,"menu_order":0,"comment_status":"closed","ping_status":"closed","template":"","meta":{"_acf_changed":false,"footnotes":""},"class_list":["post-14896","page","type-page","status-publish","hentry"],"acf":[],"yoast_head":"<!-- This site is optimized with the Yoast SEO plugin v27.3 - https:\/\/yoast.com\/product\/yoast-seo-wordpress\/ -->\n<title>Agenda - Soziolinguistika Klusterra<\/title>\n<meta name=\"robots\" content=\"index, follow, max-snippet:-1, max-image-preview:large, max-video-preview:-1\" \/>\n<link rel=\"canonical\" href=\"https:\/\/soziolinguistika.eus\/fr\/actualite\/agenda\/\" \/>\n<meta property=\"og:locale\" content=\"fr_FR\" \/>\n<meta property=\"og:type\" content=\"article\" \/>\n<meta property=\"og:title\" content=\"Agenda - Soziolinguistika Klusterra\" \/>\n<meta property=\"og:url\" content=\"https:\/\/soziolinguistika.eus\/fr\/actualite\/agenda\/\" \/>\n<meta property=\"og:site_name\" content=\"Soziolinguistika Klusterra\" \/>\n<meta property=\"article:modified_time\" content=\"2021-03-30T12:17:34+00:00\" \/>\n<meta name=\"twitter:card\" content=\"summary_large_image\" \/>\n<meta name=\"twitter:label1\" content=\"Dur\u00e9e de lecture estim\u00e9e\" \/>\n\t<meta name=\"twitter:data1\" content=\"1 minute\" \/>\n<script type=\"application\/ld+json\" class=\"yoast-schema-graph\">{\"@context\":\"https:\\\/\\\/schema.org\",\"@graph\":[{\"@type\":\"WebPage\",\"@id\":\"https:\\\/\\\/soziolinguistika.eus\\\/fr\\\/actualite\\\/agenda\\\/\",\"url\":\"https:\\\/\\\/soziolinguistika.eus\\\/fr\\\/actualite\\\/agenda\\\/\",\"name\":\"Agenda - Soziolinguistika Klusterra\",\"isPartOf\":{\"@id\":\"https:\\\/\\\/soziolinguistika.eus\\\/fr\\\/#website\"},\"datePublished\":\"2020-02-10T14:41:36+00:00\",\"dateModified\":\"2021-03-30T12:17:34+00:00\",\"breadcrumb\":{\"@id\":\"https:\\\/\\\/soziolinguistika.eus\\\/fr\\\/actualite\\\/agenda\\\/#breadcrumb\"},\"inLanguage\":\"fr-FR\",\"potentialAction\":[{\"@type\":\"ReadAction\",\"target\":[\"https:\\\/\\\/soziolinguistika.eus\\\/fr\\\/actualite\\\/agenda\\\/\"]}]},{\"@type\":\"BreadcrumbList\",\"@id\":\"https:\\\/\\\/soziolinguistika.eus\\\/fr\\\/actualite\\\/agenda\\\/#breadcrumb\",\"itemListElement\":[{\"@type\":\"ListItem\",\"position\":1,\"name\":\"Soziolinguistika klusterra\",\"item\":\"https:\\\/\\\/soziolinguistika.eus\\\/fr\\\/\"},{\"@type\":\"ListItem\",\"position\":2,\"name\":\"Actualite\",\"item\":\"https:\\\/\\\/soziolinguistika.eus\\\/fr\\\/actualite\\\/\"},{\"@type\":\"ListItem\",\"position\":3,\"name\":\"Agenda\"}]},{\"@type\":\"WebSite\",\"@id\":\"https:\\\/\\\/soziolinguistika.eus\\\/fr\\\/#website\",\"url\":\"https:\\\/\\\/soziolinguistika.eus\\\/fr\\\/\",\"name\":\"Soziolinguistika Klusterra\",\"description\":\"Euskara biziberritzeko ikergunea\",\"potentialAction\":[{\"@type\":\"SearchAction\",\"target\":{\"@type\":\"EntryPoint\",\"urlTemplate\":\"https:\\\/\\\/soziolinguistika.eus\\\/fr\\\/?s={search_term_string}\"},\"query-input\":{\"@type\":\"PropertyValueSpecification\",\"valueRequired\":true,\"valueName\":\"search_term_string\"}}],\"inLanguage\":\"fr-FR\"}]}<\/script>\n<!-- \/ Yoast SEO plugin. -->","yoast_head_json":{"title":"Agenda - Soziolinguistika Klusterra","robots":{"index":"index","follow":"follow","max-snippet":"max-snippet:-1","max-image-preview":"max-image-preview:large","max-video-preview":"max-video-preview:-1"},"canonical":"https:\/\/soziolinguistika.eus\/fr\/actualite\/agenda\/","og_locale":"fr_FR","og_type":"article","og_title":"Agenda - Soziolinguistika Klusterra","og_url":"https:\/\/soziolinguistika.eus\/fr\/actualite\/agenda\/","og_site_name":"Soziolinguistika Klusterra","article_modified_time":"2021-03-30T12:17:34+00:00","twitter_card":"summary_large_image","twitter_misc":{"Dur\u00e9e de lecture estim\u00e9e":"1 minute"},"schema":{"@context":"https:\/\/schema.org","@graph":[{"@type":"WebPage","@id":"https:\/\/soziolinguistika.eus\/fr\/actualite\/agenda\/","url":"https:\/\/soziolinguistika.eus\/fr\/actualite\/agenda\/","name":"Agenda - Soziolinguistika Klusterra","isPartOf":{"@id":"https:\/\/soziolinguistika.eus\/fr\/#website"},"datePublished":"2020-02-10T14:41:36+00:00","dateModified":"2021-03-30T12:17:34+00:00","breadcrumb":{"@id":"https:\/\/soziolinguistika.eus\/fr\/actualite\/agenda\/#breadcrumb"},"inLanguage":"fr-FR","potentialAction":[{"@type":"ReadAction","target":["https:\/\/soziolinguistika.eus\/fr\/actualite\/agenda\/"]}]},{"@type":"BreadcrumbList","@id":"https:\/\/soziolinguistika.eus\/fr\/actualite\/agenda\/#breadcrumb","itemListElement":[{"@type":"ListItem","position":1,"name":"Soziolinguistika klusterra","item":"https:\/\/soziolinguistika.eus\/fr\/"},{"@type":"ListItem","position":2,"name":"Actualite","item":"https:\/\/soziolinguistika.eus\/fr\/actualite\/"},{"@type":"ListItem","position":3,"name":"Agenda"}]},{"@type":"WebSite","@id":"https:\/\/soziolinguistika.eus\/fr\/#website","url":"https:\/\/soziolinguistika.eus\/fr\/","name":"Soziolinguistika Klusterra","description":"Euskara biziberritzeko ikergunea","potentialAction":[{"@type":"SearchAction","target":{"@type":"EntryPoint","urlTemplate":"https:\/\/soziolinguistika.eus\/fr\/?s={search_term_string}"},"query-input":{"@type":"PropertyValueSpecification","valueRequired":true,"valueName":"search_term_string"}}],"inLanguage":"fr-FR"}]}},"_links":{"self":[{"href":"https:\/\/soziolinguistika.eus\/fr\/wp-json\/wp\/v2\/pages\/14896","targetHints":{"allow":["GET"]}}],"collection":[{"href":"https:\/\/soziolinguistika.eus\/fr\/wp-json\/wp\/v2\/pages"}],"about":[{"href":"https:\/\/soziolinguistika.eus\/fr\/wp-json\/wp\/v2\/types\/page"}],"author":[{"embeddable":true,"href":"https:\/\/soziolinguistika.eus\/fr\/wp-json\/wp\/v2\/users\/1"}],"replies":[{"embeddable":true,"href":"https:\/\/soziolinguistika.eus\/fr\/wp-json\/wp\/v2\/comments?post=14896"}],"version-history":[{"count":2,"href":"https:\/\/soziolinguistika.eus\/fr\/wp-json\/wp\/v2\/pages\/14896\/revisions"}],"predecessor-version":[{"id":18444,"href":"https:\/\/soziolinguistika.eus\/fr\/wp-json\/wp\/v2\/pages\/14896\/revisions\/18444"}],"up":[{"embeddable":true,"href":"https:\/\/soziolinguistika.eus\/fr\/wp-json\/wp\/v2\/pages\/14802"}],"wp:attachment":[{"href":"https:\/\/soziolinguistika.eus\/fr\/wp-json\/wp\/v2\/media?parent=14896"}],"curies":[{"name":"wp","href":"https:\/\/api.w.org\/{rel}","templated":true}]}}